{"id":6922,"date":"2022-11-27T20:39:47","date_gmt":"2022-11-27T19:39:47","guid":{"rendered":"https:\/\/murielmeynard.art\/?page_id=6922"},"modified":"2023-01-13T21:37:13","modified_gmt":"2023-01-13T20:37:13","slug":"muriel","status":"publish","type":"page","link":"https:\/\/murielmeynard.art\/fr\/muriel\/","title":{"rendered":"Muriel"},"content":{"rendered":"\t\t<div data-elementor-type=\"wp-page\" data-elementor-id=\"6922\" class=\"elementor elementor-6922\" data-elementor-settings=\"{&quot;ha_cmc_init_switcher&quot;:&quot;no&quot;}\" data-elementor-post-type=\"page\">\n\t\t\t\t<div class=\"elementor-element elementor-element-9ee5d48 e-flex e-con-boxed e-con e-parent\" data-id=\"9ee5d48\" data-element_type=\"container\" data-e-type=\"container\" data-settings=\"{&quot;_ha_eqh_enable&quot;:false}\">\n\t\t\t\t\t<div class=\"e-con-inner\">\n\t\t<div class=\"elementor-element elementor-element-512e7e3 e-con-full e-flex e-con e-parent\" data-id=\"512e7e3\" data-element_type=\"container\" data-e-type=\"container\" data-settings=\"{&quot;_ha_eqh_enable&quot;:false}\">\n\t\t\t\t<div class=\"elementor-element elementor-element-7580057 elementor-widget__width-inherit elementor-widget elementor-widget-heading\" data-id=\"7580057\" data-element_type=\"widget\" data-e-type=\"widget\" data-widget_type=\"heading.default\">\n\t\t\t\t<div class=\"elementor-widget-container\">\n\t\t\t\t\t<h1 class=\"elementor-heading-title elementor-size-default\">BIENVENUE DANS MON UNIVERS\u202f!<\/h1>\t\t\t\t<\/div>\n\t\t\t\t<\/div>\n\t\t\t\t<\/div>\n\t\t<div class=\"elementor-element elementor-element-80a74f4 e-con-full e-flex e-con e-parent\" data-id=\"80a74f4\" data-element_type=\"container\" data-e-type=\"container\" data-settings=\"{&quot;_ha_eqh_enable&quot;:false}\">\n\t\t\t\t<div class=\"elementor-element elementor-element-982a94d elementor-widget-divider--view-line elementor-widget elementor-widget-divider\" data-id=\"982a94d\" data-element_type=\"widget\" data-e-type=\"widget\" data-widget_type=\"divider.default\">\n\t\t\t\t<div class=\"elementor-widget-container\">\n\t\t\t\t\t\t\t<div class=\"elementor-divider\">\n\t\t\t<span class=\"elementor-divider-separator\">\n\t\t\t\t\t\t<\/span>\n\t\t<\/div>\n\t\t\t\t\t\t<\/div>\n\t\t\t\t<\/div>\n\t\t\t\t<\/div>\n\t\t\t\t\t<\/div>\n\t\t\t\t<\/div>\n\t\t<div class=\"elementor-element elementor-element-bd93e9b e-flex e-con-boxed e-con e-parent\" data-id=\"bd93e9b\" data-element_type=\"container\" data-e-type=\"container\" data-settings=\"{&quot;background_background&quot;:&quot;classic&quot;,&quot;_ha_eqh_enable&quot;:false}\">\n\t\t\t\t\t<div class=\"e-con-inner\">\n\t\t<div class=\"elementor-element elementor-element-7e0e669 e-con-full e-flex e-con e-parent\" data-id=\"7e0e669\" data-element_type=\"container\" data-e-type=\"container\" data-settings=\"{&quot;background_background&quot;:&quot;classic&quot;,&quot;_ha_eqh_enable&quot;:false}\">\n\t\t\t\t<div class=\"elementor-element elementor-element-c411740 elementor-blockquote--skin-border elementor-widget elementor-widget-blockquote\" data-id=\"c411740\" data-element_type=\"widget\" data-e-type=\"widget\" data-widget_type=\"blockquote.default\">\n\t\t\t\t<div class=\"elementor-widget-container\">\n\t\t\t\t\t\t\t<blockquote class=\"elementor-blockquote\">\n\t\t\t<p class=\"elementor-blockquote__content\">\n\t\t\t\t\u00ab\u202fLa photographie est l\u2019art de montrer de combien d\u2019instants \u00e9ph\u00e9m\u00e8res la vie est faite.\u202f\u00bb\t\t\t<\/p>\n\t\t\t\t\t\t\t<div class=\"e-q-footer\">\n\t\t\t\t\t\t\t\t\t\t\t<cite class=\"elementor-blockquote__author\">Marcel Proust<\/cite>\n\t\t\t\t\t\t\t\t\t\t\t\t\t\t<\/div>\n\t\t\t\t\t<\/blockquote>\n\t\t\t\t\t\t<\/div>\n\t\t\t\t<\/div>\n\t\t\t\t<div class=\"elementor-element elementor-element-ca60cee elementor-drop-cap-yes elementor-drop-cap-view-default elementor-widget elementor-widget-text-editor\" data-id=\"ca60cee\" data-element_type=\"widget\" data-e-type=\"widget\" data-settings=\"{&quot;drop_cap&quot;:&quot;yes&quot;}\" data-widget_type=\"text-editor.default\">\n\t\t\t\t<div class=\"elementor-widget-container\">\n\t\t\t\t\t\t\t\t\t<p>Ecrire avec la lumi\u00e8re me fascine tout autant que le pouvoir qu\u2019ont les images de susciter ou raviver des \u00e9motions. J\u2019aime la photographie en tant qu\u2019art et en tant que moyen d\u2019expression, mais aussi parce qu\u2019elle rend l\u2019\u00e9ph\u00e9m\u00e8re immortel.<\/p><p>Je suis Muriel, j\u2019ai toujours aim\u00e9 prendre des photos, sans savoir qu\u2019un jour cela deviendrait un m\u00e9tier passion. J\u2019ai eu le \u00ab\u202fd\u00e9clic\u202f\u00bb et ai commenc\u00e9 \u00e0 \u00eatre photographe professionnelle il y a une vingtaine d\u2019ann\u00e9e, et ai cr\u00e9\u00e9 ma propre entreprise en 2014.<\/p>\t\t\t\t\t\t\t\t<\/div>\n\t\t\t\t<\/div>\n\t\t\t\t<\/div>\n\t\t<div class=\"elementor-element elementor-element-026cd76 e-con-full e-flex e-con e-parent\" data-id=\"026cd76\" data-element_type=\"container\" data-e-type=\"container\" data-settings=\"{&quot;background_background&quot;:&quot;classic&quot;,&quot;_ha_eqh_enable&quot;:false}\">\n\t\t\t\t<div class=\"elementor-element elementor-element-a20479b ha-has-bg-overlay elementor-widget elementor-widget-image\" data-id=\"a20479b\" data-element_type=\"widget\" data-e-type=\"widget\" data-widget_type=\"image.default\">\n\t\t\t\t<div class=\"elementor-widget-container\">\n\t\t\t\t\t\t\t\t\t\t\t\t\t\t\t<img fetchpriority=\"high\" decoding=\"async\" width=\"800\" height=\"546\" src=\"https:\/\/murielmeynard.art\/wp-content\/uploads\/2023\/01\/Muriel-Meynard-Medaillons-1.jpg\" class=\"attachment-full size-full wp-image-10565\" alt=\"Photographe Bordeaux - M\u00e9daillon Muriel Meynard\" srcset=\"https:\/\/murielmeynard.art\/wp-content\/uploads\/2023\/01\/Muriel-Meynard-Medaillons-1.jpg 800w, https:\/\/murielmeynard.art\/wp-content\/uploads\/2023\/01\/Muriel-Meynard-Medaillons-1-18x12.jpg 18w, https:\/\/murielmeynard.art\/wp-content\/uploads\/2023\/01\/Muriel-Meynard-Medaillons-1-300x205.jpg 300w, https:\/\/murielmeynard.art\/wp-content\/uploads\/2023\/01\/Muriel-Meynard-Medaillons-1-768x524.jpg 768w\" sizes=\"(max-width: 800px) 100vw, 800px\" \/>\t\t\t\t\t\t\t\t\t\t\t\t\t\t\t<\/div>\n\t\t\t\t<\/div>\n\t\t\t\t<div class=\"elementor-element elementor-element-792151b elementor-widget elementor-widget-text-editor\" data-id=\"792151b\" data-element_type=\"widget\" data-e-type=\"widget\" data-widget_type=\"text-editor.default\">\n\t\t\t\t<div class=\"elementor-widget-container\">\n\t\t\t\t\t\t\t\t\t<p>Cr\u00e9dit photo : <a href=\"https:\/\/www.studiocabrelli.com\/\" target=\"_blank\" rel=\"noopener\">Studio Cabrelli &#8211; Paris<\/a><\/p>\t\t\t\t\t\t\t\t<\/div>\n\t\t\t\t<\/div>\n\t\t\t\t<\/div>\n\t\t\t\t\t<\/div>\n\t\t\t\t<\/div>\n\t\t<div class=\"elementor-element elementor-element-d9dacf4 e-flex e-con-boxed e-con e-parent\" data-id=\"d9dacf4\" data-element_type=\"container\" data-e-type=\"container\" data-settings=\"{&quot;background_background&quot;:&quot;classic&quot;,&quot;_ha_eqh_enable&quot;:false}\">\n\t\t\t\t\t<div class=\"e-con-inner\">\n\t\t<div class=\"elementor-element elementor-element-2bffe00 e-con-full e-flex e-con e-parent\" data-id=\"2bffe00\" data-element_type=\"container\" data-e-type=\"container\" data-settings=\"{&quot;background_background&quot;:&quot;classic&quot;,&quot;_ha_eqh_enable&quot;:false}\">\n\t\t\t\t<div class=\"elementor-element elementor-element-85b60e2 elementor-drop-cap-yes elementor-drop-cap-view-default elementor-widget elementor-widget-text-editor\" data-id=\"85b60e2\" data-element_type=\"widget\" data-e-type=\"widget\" data-settings=\"{&quot;drop_cap&quot;:&quot;yes&quot;}\" data-widget_type=\"text-editor.default\">\n\t\t\t\t<div class=\"elementor-widget-container\">\n\t\t\t\t\t\t\t\t\t<p>Je suis Maman depuis quinze ans, et mon amoureux de toute une vie m\u2019apporte chaque jour un soutien sans faille. J\u2019ai plus de 2 fois 20 ans, et j\u2019appr\u00e9cie la s\u00e9r\u00e9nit\u00e9 et l\u2019exp\u00e9rience qu\u2019apportent les ann\u00e9es qui passent, et je me r\u00e9p\u00e8te tous les jours l\u2019importance de rester jeune dans le c\u0153ur (si, si\u202f!).<\/p><p>Je suis Photographe Portraitiste\u202f: cela signifie que dans toute mon \u00e9criture photographique l\u2019Humain reste l\u2019\u00e9l\u00e9ment central, m\u00eame lorsque je travaille avec les professionnels. C\u2019est l\u2019aspect de mon m\u00e9tier que j\u2019affectionne particuli\u00e8rement.<\/p><p>\u00catre entrepreneure a son lot de challenges et de difficult\u00e9s, de doutes et de remises en question, mais j\u2019en arrive toujours \u00e0 la m\u00eame conclusion\u202f: j\u2019aime vraiment vous accompagner, immortaliser vos jolis moments et en \u00eatre le t\u00e9moin privil\u00e9gi\u00e9\u202f!<\/p>\t\t\t\t\t\t\t\t<\/div>\n\t\t\t\t<\/div>\n\t\t\t\t<\/div>\n\t\t<div class=\"elementor-element elementor-element-1c65cb7 e-con-full e-flex e-con e-parent\" data-id=\"1c65cb7\" data-element_type=\"container\" data-e-type=\"container\" data-settings=\"{&quot;background_background&quot;:&quot;classic&quot;,&quot;_ha_eqh_enable&quot;:false}\">\n\t\t\t\t<div class=\"elementor-element elementor-element-fdc8a38 ha-has-bg-overlay elementor-widget elementor-widget-image\" data-id=\"fdc8a38\" data-element_type=\"widget\" data-e-type=\"widget\" data-widget_type=\"image.default\">\n\t\t\t\t<div class=\"elementor-widget-container\">\n\t\t\t\t\t\t\t\t\t\t\t\t\t\t\t<img decoding=\"async\" width=\"800\" height=\"533\" src=\"https:\/\/murielmeynard.art\/wp-content\/uploads\/2023\/01\/Photographe-Bordeaux-Muriel-004.jpg\" class=\"attachment-full size-full wp-image-10563\" alt=\"Photographe Bordeaux - Muriel Meynard\" srcset=\"https:\/\/murielmeynard.art\/wp-content\/uploads\/2023\/01\/Photographe-Bordeaux-Muriel-004.jpg 800w, https:\/\/murielmeynard.art\/wp-content\/uploads\/2023\/01\/Photographe-Bordeaux-Muriel-004-18x12.jpg 18w, https:\/\/murielmeynard.art\/wp-content\/uploads\/2023\/01\/Photographe-Bordeaux-Muriel-004-300x200.jpg 300w, https:\/\/murielmeynard.art\/wp-content\/uploads\/2023\/01\/Photographe-Bordeaux-Muriel-004-768x512.jpg 768w\" sizes=\"(max-width: 800px) 100vw, 800px\" \/>\t\t\t\t\t\t\t\t\t\t\t\t\t\t\t<\/div>\n\t\t\t\t<\/div>\n\t\t\t\t<div class=\"elementor-element elementor-element-9fe5520 elementor-widget elementor-widget-text-editor\" data-id=\"9fe5520\" data-element_type=\"widget\" data-e-type=\"widget\" data-widget_type=\"text-editor.default\">\n\t\t\t\t<div class=\"elementor-widget-container\">\n\t\t\t\t\t\t\t\t\t<p>Cr\u00e9dit photo : <a href=\"https:\/\/www.dario-caruso.fr\" target=\"_blank\" rel=\"noopener\">Dario Caruso &#8211; Aubagne<\/a><\/p>\t\t\t\t\t\t\t\t<\/div>\n\t\t\t\t<\/div>\n\t\t\t\t<\/div>\n\t\t\t\t\t<\/div>\n\t\t\t\t<\/div>\n\t\t<div class=\"elementor-element elementor-element-40770ac e-flex e-con-boxed e-con e-parent\" data-id=\"40770ac\" data-element_type=\"container\" data-e-type=\"container\" data-settings=\"{&quot;background_background&quot;:&quot;classic&quot;,&quot;_ha_eqh_enable&quot;:false}\">\n\t\t\t\t\t<div class=\"e-con-inner\">\n\t\t<div class=\"elementor-element elementor-element-540ec71 e-con-full e-flex e-con e-parent\" data-id=\"540ec71\" data-element_type=\"container\" data-e-type=\"container\" data-settings=\"{&quot;background_background&quot;:&quot;classic&quot;,&quot;_ha_eqh_enable&quot;:false}\">\n\t\t\t\t<div class=\"elementor-element elementor-element-a2665d6 elementor-drop-cap-yes elementor-drop-cap-view-default elementor-widget elementor-widget-text-editor\" data-id=\"a2665d6\" data-element_type=\"widget\" data-e-type=\"widget\" data-settings=\"{&quot;drop_cap&quot;:&quot;yes&quot;}\" data-widget_type=\"text-editor.default\">\n\t\t\t\t<div class=\"elementor-widget-container\">\n\t\t\t\t\t\t\t\t\t<p>Je travaille en studio et en lumi\u00e8re naturelle. Autodidacte, je me forme tr\u00e8s r\u00e9guli\u00e8rement dans tous les domaines, tant en technique artistique qu\u2019entrepreneuriale.<\/p><p>Je suis fi\u00e8re d\u2019avoir re\u00e7u plusieurs fois le titre de\u00a0<a href=\"https:\/\/murielmeynard.art\/fr\/portraitiste-de-france-2021\/\">Portraitiste de France<\/a> et celui de European Photographer ces derni\u00e8res ann\u00e9es, gages de la qualit\u00e9 de mon travail.<\/p>\t\t\t\t\t\t\t\t<\/div>\n\t\t\t\t<\/div>\n\t\t\t\t<div class=\"elementor-element elementor-element-e28041d elementor-widget elementor-widget-image\" data-id=\"e28041d\" data-element_type=\"widget\" data-e-type=\"widget\" data-widget_type=\"image.default\">\n\t\t\t\t<div class=\"elementor-widget-container\">\n\t\t\t\t\t\t\t\t\t\t\t\t\t\t\t<img decoding=\"async\" width=\"100\" height=\"100\" src=\"https:\/\/murielmeynard.art\/wp-content\/uploads\/2022\/10\/Signature_Muriel_Couleur_FR.svg\" class=\"attachment-medium_large size-medium_large wp-image-5145\" alt=\"Photographe Bordeaux - Signature Muriel Meynard\" \/>\t\t\t\t\t\t\t\t\t\t\t\t\t\t\t<\/div>\n\t\t\t\t<\/div>\n\t\t\t\t<\/div>\n\t\t<div class=\"elementor-element elementor-element-87600ee e-con-full e-flex e-con e-parent\" data-id=\"87600ee\" data-element_type=\"container\" data-e-type=\"container\" data-settings=\"{&quot;background_background&quot;:&quot;classic&quot;,&quot;_ha_eqh_enable&quot;:false}\">\n\t\t\t\t<div class=\"elementor-element elementor-element-4a2bfed elementor-widget elementor-widget-image\" data-id=\"4a2bfed\" data-element_type=\"widget\" data-e-type=\"widget\" data-widget_type=\"image.default\">\n\t\t\t\t<div class=\"elementor-widget-container\">\n\t\t\t\t\t\t\t\t\t\t\t\t\t\t\t\t<a href=\"https:\/\/murielmeynard.art\/fr\/portraitiste-de-france-2021\/\">\n\t\t\t\t\t\t\t<img loading=\"lazy\" decoding=\"async\" width=\"800\" height=\"533\" src=\"https:\/\/murielmeynard.art\/wp-content\/uploads\/2023\/01\/Photographe-Bordeaux-Muriel-005.jpg\" class=\"attachment-full size-full wp-image-10564\" alt=\"Photographe Bordeaux - Muriel Meynard\" srcset=\"https:\/\/murielmeynard.art\/wp-content\/uploads\/2023\/01\/Photographe-Bordeaux-Muriel-005.jpg 800w, https:\/\/murielmeynard.art\/wp-content\/uploads\/2023\/01\/Photographe-Bordeaux-Muriel-005-18x12.jpg 18w, https:\/\/murielmeynard.art\/wp-content\/uploads\/2023\/01\/Photographe-Bordeaux-Muriel-005-300x200.jpg 300w, https:\/\/murielmeynard.art\/wp-content\/uploads\/2023\/01\/Photographe-Bordeaux-Muriel-005-768x512.jpg 768w\" sizes=\"(max-width: 800px) 100vw, 800px\" \/>\t\t\t\t\t\t\t\t<\/a>\n\t\t\t\t\t\t\t\t\t\t\t\t\t\t\t<\/div>\n\t\t\t\t<\/div>\n\t\t\t\t<\/div>\n\t\t\t\t\t<\/div>\n\t\t\t\t<\/div>\n\t\t\t\t<\/div>\n\t\t","protected":false},"excerpt":{"rendered":"<p>BIENVENUE DANS MON UNIVERS\u202f! \u00ab\u202fLa photographie est l\u2019art de montrer de combien d\u2019instants \u00e9ph\u00e9m\u00e8res la vie est faite.\u202f\u00bb Marcel Proust Ecrire avec la lumi\u00e8re me fascine tout autant que le pouvoir qu\u2019ont les images de susciter ou raviver des \u00e9motions. J\u2019aime la photographie en tant qu\u2019art et en tant que moyen d\u2019expression, mais aussi parce [&hellip;]<\/p>\n","protected":false},"author":1,"featured_media":0,"parent":0,"menu_order":0,"comment_status":"closed","ping_status":"closed","template":"elementor_header_footer","meta":{"_acf_changed":false,"iawp_total_views":346,"footnotes":""},"class_list":["post-6922","page","type-page","status-publish","hentry"],"acf":[],"_links":{"self":[{"href":"https:\/\/murielmeynard.art\/fr\/wp-json\/wp\/v2\/pages\/6922","targetHints":{"allow":["GET"]}}],"collection":[{"href":"https:\/\/murielmeynard.art\/fr\/wp-json\/wp\/v2\/pages"}],"about":[{"href":"https:\/\/murielmeynard.art\/fr\/wp-json\/wp\/v2\/types\/page"}],"author":[{"embeddable":true,"href":"https:\/\/murielmeynard.art\/fr\/wp-json\/wp\/v2\/users\/1"}],"replies":[{"embeddable":true,"href":"https:\/\/murielmeynard.art\/fr\/wp-json\/wp\/v2\/comments?post=6922"}],"version-history":[{"count":1,"href":"https:\/\/murielmeynard.art\/fr\/wp-json\/wp\/v2\/pages\/6922\/revisions"}],"predecessor-version":[{"id":12849,"href":"https:\/\/murielmeynard.art\/fr\/wp-json\/wp\/v2\/pages\/6922\/revisions\/12849"}],"wp:attachment":[{"href":"https:\/\/murielmeynard.art\/fr\/wp-json\/wp\/v2\/media?parent=6922"}],"curies":[{"name":"wp","href":"https:\/\/api.w.org\/{rel}","templated":true}]}}