{"id":6178,"date":"2022-11-02T20:22:13","date_gmt":"2022-11-02T19:22:13","guid":{"rendered":"https:\/\/murielmeynard.art\/?page_id=6178"},"modified":"2023-01-04T21:12:08","modified_gmt":"2023-01-04T20:12:08","slug":"faq","status":"publish","type":"page","link":"https:\/\/murielmeynard.art\/fr\/faq\/","title":{"rendered":"FAQ (Questions fr\u00e9quemment pos\u00e9es)"},"content":{"rendered":"\t\t<div data-elementor-type=\"wp-page\" data-elementor-id=\"6178\" class=\"elementor elementor-6178\" data-elementor-settings=\"{&quot;ha_cmc_init_switcher&quot;:&quot;no&quot;}\" data-elementor-post-type=\"page\">\n\t\t\t\t<div class=\"elementor-element elementor-element-67f7507 e-flex e-con-boxed e-con e-parent\" data-id=\"67f7507\" data-element_type=\"container\" data-e-type=\"container\" data-settings=\"{&quot;_ha_eqh_enable&quot;:false}\">\n\t\t\t\t\t<div class=\"e-con-inner\">\n\t\t<div class=\"elementor-element elementor-element-72b1c30 e-con-full e-flex e-con e-parent\" data-id=\"72b1c30\" data-element_type=\"container\" data-e-type=\"container\" data-settings=\"{&quot;_ha_eqh_enable&quot;:false}\">\n\t\t\t\t<div class=\"elementor-element elementor-element-db747f9 elementor-widget elementor-widget-heading\" data-id=\"db747f9\" data-element_type=\"widget\" data-e-type=\"widget\" data-widget_type=\"heading.default\">\n\t\t\t\t<div class=\"elementor-widget-container\">\n\t\t\t\t\t<h1 class=\"elementor-heading-title elementor-size-default\">FAQ (QUESTIONS FR\u00c9QUEMMENT POS\u00c9ES)<\/h1>\t\t\t\t<\/div>\n\t\t\t\t<\/div>\n\t\t\t\t<\/div>\n\t\t<div class=\"elementor-element elementor-element-91465e7 e-con-full e-flex e-con e-parent\" data-id=\"91465e7\" data-element_type=\"container\" data-e-type=\"container\" data-settings=\"{&quot;_ha_eqh_enable&quot;:false}\">\n\t\t\t\t<div class=\"elementor-element elementor-element-f1466b7 elementor-widget-divider--view-line elementor-widget elementor-widget-divider\" data-id=\"f1466b7\" data-element_type=\"widget\" data-e-type=\"widget\" data-widget_type=\"divider.default\">\n\t\t\t\t<div class=\"elementor-widget-container\">\n\t\t\t\t\t\t\t<div class=\"elementor-divider\">\n\t\t\t<span class=\"elementor-divider-separator\">\n\t\t\t\t\t\t<\/span>\n\t\t<\/div>\n\t\t\t\t\t\t<\/div>\n\t\t\t\t<\/div>\n\t\t\t\t<\/div>\n\t\t\t\t\t<\/div>\n\t\t\t\t<\/div>\n\t\t<div class=\"elementor-element elementor-element-b6f2939 e-flex e-con-boxed e-con e-parent\" data-id=\"b6f2939\" data-element_type=\"container\" data-e-type=\"container\" data-settings=\"{&quot;_ha_eqh_enable&quot;:false}\">\n\t\t\t\t\t<div class=\"e-con-inner\">\n\t\t<div class=\"elementor-element elementor-element-f8dde1b e-flex e-con-boxed e-con e-parent\" data-id=\"f8dde1b\" data-element_type=\"container\" data-e-type=\"container\" data-settings=\"{&quot;background_background&quot;:&quot;classic&quot;,&quot;_ha_eqh_enable&quot;:false}\">\n\t\t\t\t\t<div class=\"e-con-inner\">\n\t\t<div class=\"elementor-element elementor-element-6e77ce6 e-flex e-con-boxed e-con e-parent\" data-id=\"6e77ce6\" data-element_type=\"container\" data-e-type=\"container\" data-settings=\"{&quot;_ha_eqh_enable&quot;:false}\">\n\t\t\t\t\t<div class=\"e-con-inner\">\n\t\t\t\t<div class=\"elementor-element elementor-element-70357a7 elementor-widget elementor-widget-heading\" data-id=\"70357a7\" data-element_type=\"widget\" data-e-type=\"widget\" data-widget_type=\"heading.default\">\n\t\t\t\t<div class=\"elementor-widget-container\">\n\t\t\t\t\t<h2 class=\"elementor-heading-title elementor-size-default\">Est-il possible de commander directement en ligne sur ce site ?<\/h2>\t\t\t\t<\/div>\n\t\t\t\t<\/div>\n\t\t\t\t<div class=\"elementor-element elementor-element-7d8c597 elementor-widget elementor-widget-text-editor\" data-id=\"7d8c597\" data-element_type=\"widget\" data-e-type=\"widget\" data-widget_type=\"text-editor.default\">\n\t\t\t\t<div class=\"elementor-widget-container\">\n\t\t\t\t\t\t\t\t\t<p>Oui, ce site permet de commander en ligne des \u00ab\u00a0bons cadeaux\u00a0\u00bb pour les s\u00e9ances \u00ab\u00a0Portrait\u00a0\u00bb. En cliquant sur <a href=\"https:\/\/www.fotostudio.io\/client\/cadeau\/2482\" target=\"_blank\" rel=\"noopener\">ce lien<\/a>, vous serez redirig\u00e9 vers un autre site de e-commerce sur lequel vous pourrez\u202f les acheter.<\/p><p>Pour toutes les autres prestations, vous pouvez laisser une demande de devis via la page de contact <a href=\"https:\/\/murielmeynard.art\/contact\/\">ici<\/a>, et Muriel y r\u00e9pondra dans les meilleurs d\u00e9lais.<\/p>\t\t\t\t\t\t\t\t<\/div>\n\t\t\t\t<\/div>\n\t\t\t\t\t<\/div>\n\t\t\t\t<\/div>\n\t\t<div class=\"elementor-element elementor-element-26f394f e-flex e-con-boxed e-con e-parent\" data-id=\"26f394f\" data-element_type=\"container\" data-e-type=\"container\" data-settings=\"{&quot;_ha_eqh_enable&quot;:false}\">\n\t\t\t\t\t<div class=\"e-con-inner\">\n\t\t\t\t<div class=\"elementor-element elementor-element-2af51ff elementor-widget elementor-widget-heading\" data-id=\"2af51ff\" data-element_type=\"widget\" data-e-type=\"widget\" data-widget_type=\"heading.default\">\n\t\t\t\t<div class=\"elementor-widget-container\">\n\t\t\t\t\t<h2 class=\"elementor-heading-title elementor-size-default\">Je ne peux pas faire un clic-droit pour copier les photos !<\/h2>\t\t\t\t<\/div>\n\t\t\t\t<\/div>\n\t\t\t\t<div class=\"elementor-element elementor-element-2e3c4c4 elementor-widget elementor-widget-text-editor\" data-id=\"2e3c4c4\" data-element_type=\"widget\" data-e-type=\"widget\" data-widget_type=\"text-editor.default\">\n\t\t\t\t<div class=\"elementor-widget-container\">\n\t\t\t\t\t\t\t\t\t<p>C&rsquo;est normal. Le site internet est prot\u00e9g\u00e9 contre la copie, pour plusieurs raisons\u202f:<\/p>\n<ul>\n<li>Le droit \u00e0 l&rsquo;image\u202f: les personnes repr\u00e9sent\u00e9es sur les photos de ce site internet ne vous ont pas donn\u00e9 l&rsquo;autorisation de copier et d&rsquo;exploiter leur image. Vous n&rsquo;avez donc pas le droit de les copier et de les utiliser sans leur accord.<br>Revoyez la page <a href=\"https:\/\/murielmeynard.art\/droit-a-l-image\/\">\u00ab\u00a0DROIT A L&rsquo;IMAGE\u00a0\u00bb<\/a>.<\/li>\n<li>Les photos pr\u00e9sent\u00e9es sont le fruit d&rsquo;un travail d&rsquo;\u00e9dition et de retouches (souvent longs) effectu\u00e9 par Muriel, et font l&rsquo;objet d&rsquo;un droit d&rsquo;auteur. Il est donc normal que ces photos soient prot\u00e9g\u00e9es en vue de leur exploitation par Muriel.<br>Revoyez la page&nbsp;<a style=\"background-color: #ffffff;\" href=\"https:\/\/murielmeynard.art\/mentions-legales\/\">\u00ab\u00a0MENTIONS LEGALES\u00a0\u00bb<\/a>&nbsp;&#8211; section \u00ab\u00a0Propri\u00e9t\u00e9 intellectuelle\u00a0\u00bb.<\/li>\n<\/ul>\t\t\t\t\t\t\t\t<\/div>\n\t\t\t\t<\/div>\n\t\t\t\t\t<\/div>\n\t\t\t\t<\/div>\n\t\t<div class=\"elementor-element elementor-element-5ed0471 e-flex e-con-boxed e-con e-parent\" data-id=\"5ed0471\" data-element_type=\"container\" data-e-type=\"container\" data-settings=\"{&quot;_ha_eqh_enable&quot;:false}\">\n\t\t\t\t\t<div class=\"e-con-inner\">\n\t\t\t\t<div class=\"elementor-element elementor-element-3da1125 elementor-widget elementor-widget-heading\" data-id=\"3da1125\" data-element_type=\"widget\" data-e-type=\"widget\" data-widget_type=\"heading.default\">\n\t\t\t\t<div class=\"elementor-widget-container\">\n\t\t\t\t\t<h2 class=\"elementor-heading-title elementor-size-default\">Le site ne s'affiche pas bien sur mon \u00e9quipement...<\/h2>\t\t\t\t<\/div>\n\t\t\t\t<\/div>\n\t\t\t\t<div class=\"elementor-element elementor-element-22115c8 elementor-widget elementor-widget-text-editor\" data-id=\"22115c8\" data-element_type=\"widget\" data-e-type=\"widget\" data-widget_type=\"text-editor.default\">\n\t\t\t\t<div class=\"elementor-widget-container\">\n\t\t\t\t\t\t\t\t\t<p>Si vous constatez un probl\u00e8me d&rsquo;affichage sur votre ordinateur ou sur votre t\u00e9l\u00e9phone, vous pouvez en faire part \u00e0 Muriel, afin qu&rsquo;une correction \u00e9ventuelle soit faite. Envoyez votre email \u00e0 cette adresse<span style=\"color: var( --e-global-color-text ); font-family: var( --e-global-typography-f0c4ef3-font-family ), open sans; font-size: var( --e-global-typography-f0c4ef3-font-size ); font-style: var( --e-global-typography-f0c4ef3-font-style ); font-weight: var( --e-global-typography-f0c4ef3-font-weight ); letter-spacing: var( --e-global-typography-f0c4ef3-letter-spacing ); text-transform: var( --e-global-typography-f0c4ef3-text-transform ); word-spacing: var( --e-global-typography-f0c4ef3-word-spacing );\">\u202f<\/span><span style=\"color: var( --e-global-color-text ); font-family: var( --e-global-typography-f0c4ef3-font-family ), open sans; font-size: var( --e-global-typography-f0c4ef3-font-size ); font-style: var( --e-global-typography-f0c4ef3-font-style ); font-weight: var( --e-global-typography-f0c4ef3-font-weight ); letter-spacing: var( --e-global-typography-f0c4ef3-letter-spacing ); text-transform: var( --e-global-typography-f0c4ef3-text-transform ); word-spacing: var( --e-global-typography-f0c4ef3-word-spacing );\">:\u00a0<\/span><a style=\"font-family: var( --e-global-typography-f0c4ef3-font-family ), open sans; font-size: var( --e-global-typography-f0c4ef3-font-size ); font-style: var( --e-global-typography-f0c4ef3-font-style ); font-weight: var( --e-global-typography-f0c4ef3-font-weight ); letter-spacing: var( --e-global-typography-f0c4ef3-letter-spacing ); text-transform: var( --e-global-typography-f0c4ef3-text-transform ); word-spacing: var( --e-global-typography-f0c4ef3-word-spacing ); background-color: #ffffff;\" href=\"mailto:contact@murielmeynard.art\">contact@murielmeynard.art <\/a><span style=\"color: var( --e-global-color-text ); font-family: var( --e-global-typography-f0c4ef3-font-family ), open sans; font-size: var( --e-global-typography-f0c4ef3-font-size ); font-style: var( --e-global-typography-f0c4ef3-font-style ); font-weight: var( --e-global-typography-f0c4ef3-font-weight ); letter-spacing: var( --e-global-typography-f0c4ef3-letter-spacing ); text-transform: var( --e-global-typography-f0c4ef3-text-transform ); word-spacing: var( --e-global-typography-f0c4ef3-word-spacing );\">en pr\u00e9cisant le type d&rsquo;appareil que vous utilisez, la r\u00e9f\u00e9rence du navigateur internet, et la version du syst\u00e8me d&rsquo;exploitation.<\/span><\/p><p>Revoyez la page\u00a0<a style=\"background-color: #ffffff;\" href=\"https:\/\/murielmeynard.art\/mentions-legales\/\">\u00ab\u00a0MENTIONS LEGALES\u00a0\u00bb<\/a>\u00a0&#8211; sections \u00ab\u00a0Conditions d&rsquo;utilisation\u00a0\u00bb et \u00ab\u00a0Services fournis\u00a0\u00bb.<\/p>\t\t\t\t\t\t\t\t<\/div>\n\t\t\t\t<\/div>\n\t\t\t\t\t<\/div>\n\t\t\t\t<\/div>\n\t\t\t\t\t<\/div>\n\t\t\t\t<\/div>\n\t\t\t\t\t<\/div>\n\t\t\t\t<\/div>\n\t\t\t\t<\/div>\n\t\t","protected":false},"excerpt":{"rendered":"<p>FAQ (QUESTIONS FR\u00c9QUEMMENT POS\u00c9ES) Est-il possible de commander directement en ligne sur ce site ? Oui, ce site permet de commander en ligne des \u00ab\u00a0bons cadeaux\u00a0\u00bb pour les s\u00e9ances \u00ab\u00a0Portrait\u00a0\u00bb. En cliquant sur ce lien, vous serez redirig\u00e9 vers un autre site de e-commerce sur lequel vous pourrez\u202f les acheter. Pour toutes les autres prestations, [&hellip;]<\/p>\n","protected":false},"author":1,"featured_media":0,"parent":0,"menu_order":0,"comment_status":"closed","ping_status":"closed","template":"elementor_header_footer","meta":{"_acf_changed":false,"iawp_total_views":27,"footnotes":""},"class_list":["post-6178","page","type-page","status-publish","hentry"],"acf":[],"_links":{"self":[{"href":"https:\/\/murielmeynard.art\/fr\/wp-json\/wp\/v2\/pages\/6178","targetHints":{"allow":["GET"]}}],"collection":[{"href":"https:\/\/murielmeynard.art\/fr\/wp-json\/wp\/v2\/pages"}],"about":[{"href":"https:\/\/murielmeynard.art\/fr\/wp-json\/wp\/v2\/types\/page"}],"author":[{"embeddable":true,"href":"https:\/\/murielmeynard.art\/fr\/wp-json\/wp\/v2\/users\/1"}],"replies":[{"embeddable":true,"href":"https:\/\/murielmeynard.art\/fr\/wp-json\/wp\/v2\/comments?post=6178"}],"version-history":[{"count":1,"href":"https:\/\/murielmeynard.art\/fr\/wp-json\/wp\/v2\/pages\/6178\/revisions"}],"predecessor-version":[{"id":12877,"href":"https:\/\/murielmeynard.art\/fr\/wp-json\/wp\/v2\/pages\/6178\/revisions\/12877"}],"wp:attachment":[{"href":"https:\/\/murielmeynard.art\/fr\/wp-json\/wp\/v2\/media?parent=6178"}],"curies":[{"name":"wp","href":"https:\/\/api.w.org\/{rel}","templated":true}]}}