{"id":6096,"date":"2022-11-02T14:23:46","date_gmt":"2022-11-02T13:23:46","guid":{"rendered":"https:\/\/murielmeynard.art\/?page_id=6096"},"modified":"2023-02-23T21:53:43","modified_gmt":"2023-02-23T20:53:43","slug":"droit-a-l-image","status":"publish","type":"page","link":"https:\/\/murielmeynard.art\/fr\/droit-a-l-image\/","title":{"rendered":"Droit \u00e0 l&rsquo;image"},"content":{"rendered":"\t\t<div data-elementor-type=\"wp-page\" data-elementor-id=\"6096\" class=\"elementor elementor-6096\" data-elementor-settings=\"{&quot;ha_cmc_init_switcher&quot;:&quot;no&quot;}\" data-elementor-post-type=\"page\">\n\t\t\t\t<div class=\"elementor-element elementor-element-e918c3c e-flex e-con-boxed e-con e-parent\" data-id=\"e918c3c\" data-element_type=\"container\" data-e-type=\"container\" data-settings=\"{&quot;_ha_eqh_enable&quot;:false}\">\n\t\t\t\t\t<div class=\"e-con-inner\">\n\t\t<div class=\"elementor-element elementor-element-0473072 e-con-full e-flex e-con e-parent\" data-id=\"0473072\" data-element_type=\"container\" data-e-type=\"container\" data-settings=\"{&quot;_ha_eqh_enable&quot;:false}\">\n\t\t\t\t<div class=\"elementor-element elementor-element-b8db90a elementor-widget elementor-widget-heading\" data-id=\"b8db90a\" data-element_type=\"widget\" data-e-type=\"widget\" data-widget_type=\"heading.default\">\n\t\t\t\t<div class=\"elementor-widget-container\">\n\t\t\t\t\t<h1 class=\"elementor-heading-title elementor-size-default\">DROIT A L'IMAGE<\/h1>\t\t\t\t<\/div>\n\t\t\t\t<\/div>\n\t\t\t\t<\/div>\n\t\t<div class=\"elementor-element elementor-element-53c87fd e-con-full e-flex e-con e-parent\" data-id=\"53c87fd\" data-element_type=\"container\" data-e-type=\"container\" data-settings=\"{&quot;_ha_eqh_enable&quot;:false}\">\n\t\t\t\t<div class=\"elementor-element elementor-element-19637be elementor-widget-divider--view-line elementor-widget elementor-widget-divider\" data-id=\"19637be\" data-element_type=\"widget\" data-e-type=\"widget\" data-widget_type=\"divider.default\">\n\t\t\t\t<div class=\"elementor-widget-container\">\n\t\t\t\t\t\t\t<div class=\"elementor-divider\">\n\t\t\t<span class=\"elementor-divider-separator\">\n\t\t\t\t\t\t<\/span>\n\t\t<\/div>\n\t\t\t\t\t\t<\/div>\n\t\t\t\t<\/div>\n\t\t\t\t<\/div>\n\t\t\t\t\t<\/div>\n\t\t\t\t<\/div>\n\t\t<div class=\"elementor-element elementor-element-b6f2939 e-flex e-con-boxed e-con e-parent\" data-id=\"b6f2939\" data-element_type=\"container\" data-e-type=\"container\" data-settings=\"{&quot;_ha_eqh_enable&quot;:false}\">\n\t\t\t\t\t<div class=\"e-con-inner\">\n\t\t<div class=\"elementor-element elementor-element-f8dde1b e-flex e-con-boxed e-con e-parent\" data-id=\"f8dde1b\" data-element_type=\"container\" data-e-type=\"container\" data-settings=\"{&quot;background_background&quot;:&quot;classic&quot;,&quot;_ha_eqh_enable&quot;:false}\">\n\t\t\t\t\t<div class=\"e-con-inner\">\n\t\t\t\t<div class=\"elementor-element elementor-element-70357a7 elementor-widget elementor-widget-heading\" data-id=\"70357a7\" data-element_type=\"widget\" data-e-type=\"widget\" data-widget_type=\"heading.default\">\n\t\t\t\t<div class=\"elementor-widget-container\">\n\t\t\t\t\t<h2 class=\"elementor-heading-title elementor-size-default\">Qu'est-ce que le droit \u00e0 l'image\u202f?<\/h2>\t\t\t\t<\/div>\n\t\t\t\t<\/div>\n\t\t\t\t<div class=\"elementor-element elementor-element-7d8c597 elementor-widget elementor-widget-text-editor\" data-id=\"7d8c597\" data-element_type=\"widget\" data-e-type=\"widget\" data-widget_type=\"text-editor.default\">\n\t\t\t\t<div class=\"elementor-widget-container\">\n\t\t\t\t\t\t\t\t\t<p>Le droit \u00e0 l&rsquo;image permet d&rsquo;autoriser ou de refuser la reproduction et la diffusion publique de votre image. Le droit \u00e0 l&rsquo;image appartient \u00e0 la personne concern\u00e9e.<\/p><p>Par ailleurs le droit au respect de votre vie priv\u00e9e permet d&rsquo;autoriser ou de refuser la divulgation d&rsquo;informations concernant votre vie priv\u00e9e.<\/p><p>\u00c0 noter\u202f:<br \/>Vous avez aussi droit \u00e0 la protection de votre image en tant que donn\u00e9e personnelle\u202f: cela correspond \u00e0 toute information sur une personne physique identifi\u00e9e ou identifiable directement ou indirectement. Par exemple, nom, photo, empreinte, num\u00e9ro de t\u00e9l\u00e9phone, num\u00e9ro de s\u00e9curit\u00e9 sociale\u2026 Dans ce cadre, vous pouvez demander la suppression d&rsquo;une photo sur un site internet. C&rsquo;est ce qu&rsquo;on appelle le droit \u00e0 l&rsquo;effacement ou droit \u00e0 l&rsquo;oubli.<\/p>\t\t\t\t\t\t\t\t<\/div>\n\t\t\t\t<\/div>\n\t\t\t\t<div class=\"elementor-element elementor-element-8d9eada elementor-widget elementor-widget-heading\" data-id=\"8d9eada\" data-element_type=\"widget\" data-e-type=\"widget\" data-widget_type=\"heading.default\">\n\t\t\t\t<div class=\"elementor-widget-container\">\n\t\t\t\t\t<h2 class=\"elementor-heading-title elementor-size-default\">Quand votre accord est-il n\u00e9cessaire ? Pour une personne majeure\u202f:<\/h2>\t\t\t\t<\/div>\n\t\t\t\t<\/div>\n\t\t\t\t<div class=\"elementor-element elementor-element-4282146 elementor-widget elementor-widget-text-editor\" data-id=\"4282146\" data-element_type=\"widget\" data-e-type=\"widget\" data-widget_type=\"text-editor.default\">\n\t\t\t\t<div class=\"elementor-widget-container\">\n\t\t\t\t\t\t\t\t\t<p>Il est n\u00e9cessaire d&rsquo;avoir votre accord \u00e9crit pour utiliser une image o\u00f9 vous \u00eates reconnaissable (diffusion, publication, reproduction ou commercialisation).<\/p><p>L&rsquo;image peut \u00eatre une photo ou une vid\u00e9o.<\/p><p>Dans le cas d&rsquo;une image prise dans un lieu priv\u00e9, votre autorisation est n\u00e9cessaire si vous \u00eates reconnaissable\u202f: vacances, \u00e9v\u00e9nement familial, manifestation sportive, culturelle\u2026<\/p><p>Dans le cas d&rsquo;une image prise dans un lieu public, l&rsquo;image peut \u00eatre diffus\u00e9e via la presse, la t\u00e9l\u00e9vision, un site internet, un r\u00e9seau social\u2026 Votre autorisation est uniquement n\u00e9cessaire si vous \u00eates isol\u00e9 et reconnaissable.<\/p><p>En pratique, le photographe\/vid\u00e9aste doit obtenir votre accord \u00e9crit avant de diffuser votre image. Il ne peut pas se contenter de votre consentement \u00e0 \u00eatre photographi\u00e9 ou film\u00e9. Votre accord doit \u00eatre pr\u00e9cis\u202f: sur quel support est diffus\u00e9 l&rsquo;image\u202f? Dans quel objectif\u202f? Pour quelle dur\u00e9e\u202f? Votre accord est \u00e9galement n\u00e9cessaire si votre image est r\u00e9utilis\u00e9e dans un but diff\u00e9rent de la 1\u00e8re diffusion.<\/p><p>Toutefois le droit \u00e0 l&rsquo;image est limit\u00e9 par le droit \u00e0 l&rsquo;information, le droit \u00e0 libert\u00e9 d&rsquo;expression et la libert\u00e9 artistique et culturelle.<\/p><p>Ainsi, votre accord n&rsquo;est pas n\u00e9cessaire pour diffuser certaines images \u00e0 condition que votre dignit\u00e9 soit respect\u00e9e et votre image ne soit pas utilis\u00e9e dans un but commercial.<\/p><p>Par exemple\u202f:<\/p><ul><li>Image d&rsquo;un groupe ou d&rsquo;une sc\u00e8ne de rue dans un lieu public si aucune personne n&rsquo;est individualis\u00e9e et dans la limite du droit \u00e0 l&rsquo;information.<\/li><li>Image d&rsquo;un \u00e9v\u00e9nement d&rsquo;actualit\u00e9 ou d&rsquo;une manifestation publique dans la limite du droit \u00e0 l&rsquo;information et \u00e0 la cr\u00e9ation artistique.<\/li><li>Image d&rsquo;une personnalit\u00e9 publique dans l&rsquo;exercice de ses fonctions si le but de l&rsquo;image est d&rsquo;informer (un \u00e9lu par exemple).<\/li><li>Image illustrant un sujet historique.<\/li><\/ul>\t\t\t\t\t\t\t\t<\/div>\n\t\t\t\t<\/div>\n\t\t\t\t<div class=\"elementor-element elementor-element-09bc4f3 elementor-widget elementor-widget-heading\" data-id=\"09bc4f3\" data-element_type=\"widget\" data-e-type=\"widget\" data-widget_type=\"heading.default\">\n\t\t\t\t<div class=\"elementor-widget-container\">\n\t\t\t\t\t<h2 class=\"elementor-heading-title elementor-size-default\">Quand votre accord est-il n\u00e9cessaire\u202f? Pour une personne mineure\u202f:<\/h2>\t\t\t\t<\/div>\n\t\t\t\t<\/div>\n\t\t\t\t<div class=\"elementor-element elementor-element-625f161 elementor-widget elementor-widget-text-editor\" data-id=\"625f161\" data-element_type=\"widget\" data-e-type=\"widget\" data-widget_type=\"text-editor.default\">\n\t\t\t\t<div class=\"elementor-widget-container\">\n\t\t\t\t\t\t\t\t\t<p>L&rsquo;autorisation des parents (ou du responsable l\u00e9gal\u202f: personne qui exerce l&rsquo;autorit\u00e9 parentale, p\u00e8re, m\u00e8re ou tuteur) doit obligatoirement \u00eatre obtenue par \u00e9crit.<\/p>\n<p>Il n&rsquo;y a pas d&rsquo;exception, y compris pour le journal et l&rsquo;intranet d&rsquo;une \u00e9cole.<\/p>\n<p>Pour un groupe d&rsquo;enfants, l&rsquo;autorisation \u00e9crite des parents de chaque enfant est obligatoire.<\/p>\n<p>Par ailleurs, la diffusion de l&rsquo;image d&rsquo;un enfant de moins de 16 ans dont l&rsquo;activit\u00e9 rel\u00e8ve d&rsquo;une relation de travail est r\u00e9glement\u00e9e (enfant influenceur).<\/p>\n<p>Les parents doivent demander une autorisation de l&rsquo;inspection du travail avant de mettre en ligne une vid\u00e9o dont le sujet principal est leur enfant.<\/p>\t\t\t\t\t\t\t\t<\/div>\n\t\t\t\t<\/div>\n\t\t\t\t<div class=\"elementor-element elementor-element-7b64925 elementor-widget elementor-widget-heading\" data-id=\"7b64925\" data-element_type=\"widget\" data-e-type=\"widget\" data-widget_type=\"heading.default\">\n\t\t\t\t<div class=\"elementor-widget-container\">\n\t\t\t\t\t<h2 class=\"elementor-heading-title elementor-size-default\">Quand votre accord est-il n\u00e9cessaire\u202f? Pour une personne d\u00e9c\u00e9d\u00e9e\u202f:<\/h2>\t\t\t\t<\/div>\n\t\t\t\t<\/div>\n\t\t\t\t<div class=\"elementor-element elementor-element-8b10265 elementor-widget elementor-widget-text-editor\" data-id=\"8b10265\" data-element_type=\"widget\" data-e-type=\"widget\" data-widget_type=\"text-editor.default\">\n\t\t\t\t<div class=\"elementor-widget-container\">\n\t\t\t\t\t\t\t\t\t<p>Le proche d&rsquo;une personne d\u00e9c\u00e9d\u00e9e peut contester la reproduction de son image si cette image lui cause un pr\u00e9judice.<\/p><p>Par exemple, atteinte \u00e0 la m\u00e9moire du d\u00e9funt.<\/p>\t\t\t\t\t\t\t\t<\/div>\n\t\t\t\t<\/div>\n\t\t\t\t<div class=\"elementor-element elementor-element-0a9c589 elementor-widget-divider--view-line elementor-widget elementor-widget-divider\" data-id=\"0a9c589\" data-element_type=\"widget\" data-e-type=\"widget\" data-widget_type=\"divider.default\">\n\t\t\t\t<div class=\"elementor-widget-container\">\n\t\t\t\t\t\t\t<div class=\"elementor-divider\">\n\t\t\t<span class=\"elementor-divider-separator\">\n\t\t\t\t\t\t<\/span>\n\t\t<\/div>\n\t\t\t\t\t\t<\/div>\n\t\t\t\t<\/div>\n\t\t\t\t<div class=\"elementor-element elementor-element-e7c738f elementor-widget elementor-widget-text-editor\" data-id=\"e7c738f\" data-element_type=\"widget\" data-e-type=\"widget\" data-widget_type=\"text-editor.default\">\n\t\t\t\t<div class=\"elementor-widget-container\">\n\t\t\t\t\t\t\t\t\t<p>Le client reconnai\u0302t avoir pris connaissance des informations ci-dessus.<\/p>\t\t\t\t\t\t\t\t<\/div>\n\t\t\t\t<\/div>\n\t\t\t\t\t<\/div>\n\t\t\t\t<\/div>\n\t\t\t\t\t<\/div>\n\t\t\t\t<\/div>\n\t\t\t\t<\/div>\n\t\t","protected":false},"excerpt":{"rendered":"<p>DROIT A L&rsquo;IMAGE Qu&rsquo;est-ce que le droit \u00e0 l&rsquo;image\u202f? Le droit \u00e0 l&rsquo;image permet d&rsquo;autoriser ou de refuser la reproduction et la diffusion publique de votre image. Le droit \u00e0 l&rsquo;image appartient \u00e0 la personne concern\u00e9e. Par ailleurs le droit au respect de votre vie priv\u00e9e permet d&rsquo;autoriser ou de refuser la divulgation d&rsquo;informations concernant [&hellip;]<\/p>\n","protected":false},"author":1,"featured_media":0,"parent":0,"menu_order":0,"comment_status":"closed","ping_status":"closed","template":"elementor_header_footer","meta":{"_acf_changed":false,"iawp_total_views":26,"footnotes":""},"class_list":["post-6096","page","type-page","status-publish","hentry"],"acf":[],"_links":{"self":[{"href":"https:\/\/murielmeynard.art\/fr\/wp-json\/wp\/v2\/pages\/6096","targetHints":{"allow":["GET"]}}],"collection":[{"href":"https:\/\/murielmeynard.art\/fr\/wp-json\/wp\/v2\/pages"}],"about":[{"href":"https:\/\/murielmeynard.art\/fr\/wp-json\/wp\/v2\/types\/page"}],"author":[{"embeddable":true,"href":"https:\/\/murielmeynard.art\/fr\/wp-json\/wp\/v2\/users\/1"}],"replies":[{"embeddable":true,"href":"https:\/\/murielmeynard.art\/fr\/wp-json\/wp\/v2\/comments?post=6096"}],"version-history":[{"count":0,"href":"https:\/\/murielmeynard.art\/fr\/wp-json\/wp\/v2\/pages\/6096\/revisions"}],"wp:attachment":[{"href":"https:\/\/murielmeynard.art\/fr\/wp-json\/wp\/v2\/media?parent=6096"}],"curies":[{"name":"wp","href":"https:\/\/api.w.org\/{rel}","templated":true}]}}