{"id":6922,"date":"2022-11-27T20:39:47","date_gmt":"2022-11-27T19:39:47","guid":{"rendered":"https:\/\/murielmeynard.art\/?page_id=6922"},"modified":"2023-01-13T21:37:13","modified_gmt":"2023-01-13T20:37:13","slug":"muriel","status":"publish","type":"page","link":"https:\/\/murielmeynard.art\/en\/muriel\/","title":{"rendered":"Muriel"},"content":{"rendered":"<div data-elementor-type=\"wp-page\" data-elementor-id=\"6922\" class=\"elementor elementor-6922\" data-elementor-settings=\"{&quot;ha_cmc_init_switcher&quot;:&quot;no&quot;}\" data-elementor-post-type=\"page\">\n\t\t\t\t<div class=\"elementor-element elementor-element-9ee5d48 e-flex e-con-boxed e-con e-parent\" data-id=\"9ee5d48\" data-element_type=\"container\" data-e-type=\"container\" data-settings=\"{&quot;_ha_eqh_enable&quot;:false}\">\n\t\t\t\t\t<div class=\"e-con-inner\">\n\t\t<div class=\"elementor-element elementor-element-512e7e3 e-con-full e-flex e-con e-parent\" data-id=\"512e7e3\" data-element_type=\"container\" data-e-type=\"container\" data-settings=\"{&quot;_ha_eqh_enable&quot;:false}\">\n\t\t\t\t<div class=\"elementor-element elementor-element-7580057 elementor-widget__width-inherit elementor-widget elementor-widget-heading\" data-id=\"7580057\" data-element_type=\"widget\" data-e-type=\"widget\" data-widget_type=\"heading.default\">\n\t\t\t\t<div class=\"elementor-widget-container\">\n\t\t\t\t\t<h1 class=\"elementor-heading-title elementor-size-default\">WELCOME TO MY WORLD!<\/h1>\t\t\t\t<\/div>\n\t\t\t\t<\/div>\n\t\t\t\t<\/div>\n\t\t<div class=\"elementor-element elementor-element-80a74f4 e-con-full e-flex e-con e-parent\" data-id=\"80a74f4\" data-element_type=\"container\" data-e-type=\"container\" data-settings=\"{&quot;_ha_eqh_enable&quot;:false}\">\n\t\t\t\t<div class=\"elementor-element elementor-element-982a94d elementor-widget-divider--view-line elementor-widget elementor-widget-divider\" data-id=\"982a94d\" data-element_type=\"widget\" data-e-type=\"widget\" data-widget_type=\"divider.default\">\n\t\t\t\t<div class=\"elementor-widget-container\">\n\t\t\t\t\t\t\t<div class=\"elementor-divider\">\n\t\t\t<span class=\"elementor-divider-separator\">\n\t\t\t\t\t\t<\/span>\n\t\t<\/div>\n\t\t\t\t\t\t<\/div>\n\t\t\t\t<\/div>\n\t\t\t\t<\/div>\n\t\t\t\t\t<\/div>\n\t\t\t\t<\/div>\n\t\t<div class=\"elementor-element elementor-element-bd93e9b e-flex e-con-boxed e-con e-parent\" data-id=\"bd93e9b\" data-element_type=\"container\" data-e-type=\"container\" data-settings=\"{&quot;background_background&quot;:&quot;classic&quot;,&quot;_ha_eqh_enable&quot;:false}\">\n\t\t\t\t\t<div class=\"e-con-inner\">\n\t\t<div class=\"elementor-element elementor-element-7e0e669 e-con-full e-flex e-con e-parent\" data-id=\"7e0e669\" data-element_type=\"container\" data-e-type=\"container\" data-settings=\"{&quot;background_background&quot;:&quot;classic&quot;,&quot;_ha_eqh_enable&quot;:false}\">\n\t\t\t\t<div class=\"elementor-element elementor-element-c411740 elementor-blockquote--skin-border elementor-widget elementor-widget-blockquote\" data-id=\"c411740\" data-element_type=\"widget\" data-e-type=\"widget\" data-widget_type=\"blockquote.default\">\n\t\t\t\t<div class=\"elementor-widget-container\">\n\t\t\t\t\t\t\t<blockquote class=\"elementor-blockquote\">\n\t\t\t<p class=\"elementor-blockquote__content\">\n\t\t\t\t\"Photography is the art of showing how many ephemeral moments life is made of.\"\t\t\t<\/p>\n\t\t\t\t\t\t\t<div class=\"e-q-footer\">\n\t\t\t\t\t\t\t\t\t\t\t<cite class=\"elementor-blockquote__author\">Marcel Proust<\/cite>\n\t\t\t\t\t\t\t\t\t\t\t\t\t\t<\/div>\n\t\t\t\t\t<\/blockquote>\n\t\t\t\t\t\t<\/div>\n\t\t\t\t<\/div>\n\t\t\t\t<div class=\"elementor-element elementor-element-ca60cee elementor-drop-cap-yes elementor-drop-cap-view-default elementor-widget elementor-widget-text-editor\" data-id=\"ca60cee\" data-element_type=\"widget\" data-e-type=\"widget\" data-settings=\"{&quot;drop_cap&quot;:&quot;yes&quot;}\" data-widget_type=\"text-editor.default\">\n\t\t\t\t<div class=\"elementor-widget-container\">\n\t\t\t\t\t\t\t\t\t<p>Writing with light fascinates me as much as the power of images to arouse or revive emotions. I love photography as art and as a means of expression, but also because it makes the ephemeral immortal.<\/p><p>I'm Muriel, I've always loved taking pictures, without knowing that one day it would become a passion. I started to be a professional photographer about twenty years ago, and created my own company in 2014.<\/p>\t\t\t\t\t\t\t\t<\/div>\n\t\t\t\t<\/div>\n\t\t\t\t<\/div>\n\t\t<div class=\"elementor-element elementor-element-026cd76 e-con-full e-flex e-con e-parent\" data-id=\"026cd76\" data-element_type=\"container\" data-e-type=\"container\" data-settings=\"{&quot;background_background&quot;:&quot;classic&quot;,&quot;_ha_eqh_enable&quot;:false}\">\n\t\t\t\t<div class=\"elementor-element elementor-element-a20479b ha-has-bg-overlay elementor-widget elementor-widget-image\" data-id=\"a20479b\" data-element_type=\"widget\" data-e-type=\"widget\" data-widget_type=\"image.default\">\n\t\t\t\t<div class=\"elementor-widget-container\">\n\t\t\t\t\t\t\t\t\t\t\t\t\t\t\t<img fetchpriority=\"high\" decoding=\"async\" width=\"800\" height=\"546\" src=\"https:\/\/murielmeynard.art\/wp-content\/uploads\/2023\/01\/Muriel-Meynard-Medaillons-1.jpg\" class=\"attachment-full size-full wp-image-10565\" alt=\"Photographe Bordeaux - M\u00e9daillon Muriel Meynard\" srcset=\"https:\/\/murielmeynard.art\/wp-content\/uploads\/2023\/01\/Muriel-Meynard-Medaillons-1.jpg 800w, https:\/\/murielmeynard.art\/wp-content\/uploads\/2023\/01\/Muriel-Meynard-Medaillons-1-18x12.jpg 18w, https:\/\/murielmeynard.art\/wp-content\/uploads\/2023\/01\/Muriel-Meynard-Medaillons-1-300x205.jpg 300w, https:\/\/murielmeynard.art\/wp-content\/uploads\/2023\/01\/Muriel-Meynard-Medaillons-1-768x524.jpg 768w\" sizes=\"(max-width: 800px) 100vw, 800px\" \/>\t\t\t\t\t\t\t\t\t\t\t\t\t\t\t<\/div>\n\t\t\t\t<\/div>\n\t\t\t\t<div class=\"elementor-element elementor-element-792151b elementor-widget elementor-widget-text-editor\" data-id=\"792151b\" data-element_type=\"widget\" data-e-type=\"widget\" data-widget_type=\"text-editor.default\">\n\t\t\t\t<div class=\"elementor-widget-container\">\n\t\t\t\t\t\t\t\t\t<p>Photo credit: <a href=\"https:\/\/www.studiocabrelli.com\/\" target=\"_blank\" rel=\"noopener\">Studio Cabrelli &#8211; Paris<\/a><\/p>\t\t\t\t\t\t\t\t<\/div>\n\t\t\t\t<\/div>\n\t\t\t\t<\/div>\n\t\t\t\t\t<\/div>\n\t\t\t\t<\/div>\n\t\t<div class=\"elementor-element elementor-element-d9dacf4 e-flex e-con-boxed e-con e-parent\" data-id=\"d9dacf4\" data-element_type=\"container\" data-e-type=\"container\" data-settings=\"{&quot;background_background&quot;:&quot;classic&quot;,&quot;_ha_eqh_enable&quot;:false}\">\n\t\t\t\t\t<div class=\"e-con-inner\">\n\t\t<div class=\"elementor-element elementor-element-2bffe00 e-con-full e-flex e-con e-parent\" data-id=\"2bffe00\" data-element_type=\"container\" data-e-type=\"container\" data-settings=\"{&quot;background_background&quot;:&quot;classic&quot;,&quot;_ha_eqh_enable&quot;:false}\">\n\t\t\t\t<div class=\"elementor-element elementor-element-85b60e2 elementor-drop-cap-yes elementor-drop-cap-view-default elementor-widget elementor-widget-text-editor\" data-id=\"85b60e2\" data-element_type=\"widget\" data-e-type=\"widget\" data-settings=\"{&quot;drop_cap&quot;:&quot;yes&quot;}\" data-widget_type=\"text-editor.default\">\n\t\t\t\t<div class=\"elementor-widget-container\">\n\t\t\t\t\t\t\t\t\t<p>I've been a Mum for fifteen years, and my lifelong love gives me unfailing support every day. I am over 20 years old, and I appreciate the serenity and experience that the passing years bring, and I tell myself every day the importance of staying young at heart (yes, yes!).<\/p><p>I am a portrait photographer: this means that in all my photographic writing the human being remains the central element, even when I work with professionals. This is the aspect of my job that I particularly like.<\/p><p>Being an entrepreneur has its share of challenges and difficulties, doubts and questioning, but I always come to the same conclusion: I really enjoy accompanying you, immortalizing your beautiful moments and being the privileged witness of them!<\/p>\t\t\t\t\t\t\t\t<\/div>\n\t\t\t\t<\/div>\n\t\t\t\t<\/div>\n\t\t<div class=\"elementor-element elementor-element-1c65cb7 e-con-full e-flex e-con e-parent\" data-id=\"1c65cb7\" data-element_type=\"container\" data-e-type=\"container\" data-settings=\"{&quot;background_background&quot;:&quot;classic&quot;,&quot;_ha_eqh_enable&quot;:false}\">\n\t\t\t\t<div class=\"elementor-element elementor-element-fdc8a38 ha-has-bg-overlay elementor-widget elementor-widget-image\" data-id=\"fdc8a38\" data-element_type=\"widget\" data-e-type=\"widget\" data-widget_type=\"image.default\">\n\t\t\t\t<div class=\"elementor-widget-container\">\n\t\t\t\t\t\t\t\t\t\t\t\t\t\t\t<img decoding=\"async\" width=\"800\" height=\"533\" src=\"https:\/\/murielmeynard.art\/wp-content\/uploads\/2023\/01\/Photographe-Bordeaux-Muriel-004.jpg\" class=\"attachment-full size-full wp-image-10563\" alt=\"Photographe Bordeaux - Muriel Meynard\" srcset=\"https:\/\/murielmeynard.art\/wp-content\/uploads\/2023\/01\/Photographe-Bordeaux-Muriel-004.jpg 800w, https:\/\/murielmeynard.art\/wp-content\/uploads\/2023\/01\/Photographe-Bordeaux-Muriel-004-18x12.jpg 18w, https:\/\/murielmeynard.art\/wp-content\/uploads\/2023\/01\/Photographe-Bordeaux-Muriel-004-300x200.jpg 300w, https:\/\/murielmeynard.art\/wp-content\/uploads\/2023\/01\/Photographe-Bordeaux-Muriel-004-768x512.jpg 768w\" sizes=\"(max-width: 800px) 100vw, 800px\" \/>\t\t\t\t\t\t\t\t\t\t\t\t\t\t\t<\/div>\n\t\t\t\t<\/div>\n\t\t\t\t<div class=\"elementor-element elementor-element-9fe5520 elementor-widget elementor-widget-text-editor\" data-id=\"9fe5520\" data-element_type=\"widget\" data-e-type=\"widget\" data-widget_type=\"text-editor.default\">\n\t\t\t\t<div class=\"elementor-widget-container\">\n\t\t\t\t\t\t\t\t\t<p>Photo credit: <a href=\"https:\/\/www.dario-caruso.fr\" target=\"_blank\" rel=\"noopener\">Dario Caruso &#8211; Aubagne<\/a><\/p>\t\t\t\t\t\t\t\t<\/div>\n\t\t\t\t<\/div>\n\t\t\t\t<\/div>\n\t\t\t\t\t<\/div>\n\t\t\t\t<\/div>\n\t\t<div class=\"elementor-element elementor-element-40770ac e-flex e-con-boxed e-con e-parent\" data-id=\"40770ac\" data-element_type=\"container\" data-e-type=\"container\" data-settings=\"{&quot;background_background&quot;:&quot;classic&quot;,&quot;_ha_eqh_enable&quot;:false}\">\n\t\t\t\t\t<div class=\"e-con-inner\">\n\t\t<div class=\"elementor-element elementor-element-540ec71 e-con-full e-flex e-con e-parent\" data-id=\"540ec71\" data-element_type=\"container\" data-e-type=\"container\" data-settings=\"{&quot;background_background&quot;:&quot;classic&quot;,&quot;_ha_eqh_enable&quot;:false}\">\n\t\t\t\t<div class=\"elementor-element elementor-element-a2665d6 elementor-drop-cap-yes elementor-drop-cap-view-default elementor-widget elementor-widget-text-editor\" data-id=\"a2665d6\" data-element_type=\"widget\" data-e-type=\"widget\" data-settings=\"{&quot;drop_cap&quot;:&quot;yes&quot;}\" data-widget_type=\"text-editor.default\">\n\t\t\t\t<div class=\"elementor-widget-container\">\n\t\t\t\t\t\t\t\t\t<p>I work in studio and natural light. Self-taught, I train very regularly in all fields, both in artistic technique and entrepreneurship.<\/p><p>I am proud to have been awarded the title of\u00a0<a href=\"https:\/\/murielmeynard.art\/en\/portraitiste-de-france-2021\/\">Portraitiste de France<\/a> and that of European Photographer in recent years, guarantees of the quality of my work.<\/p>\t\t\t\t\t\t\t\t<\/div>\n\t\t\t\t<\/div>\n\t\t\t\t<div class=\"elementor-element elementor-element-e28041d elementor-widget elementor-widget-image\" data-id=\"e28041d\" data-element_type=\"widget\" data-e-type=\"widget\" data-widget_type=\"image.default\">\n\t\t\t\t<div class=\"elementor-widget-container\">\n\t\t\t\t\t\t\t\t\t\t\t\t\t\t\t<img decoding=\"async\" width=\"100\" height=\"100\" src=\"https:\/\/murielmeynard.art\/wp-content\/uploads\/2022\/10\/Signature_Muriel_Couleur_EN.svg\" class=\"attachment-medium_large size-medium_large wp-image-5145\" alt=\"Photographe Bordeaux - Signature Muriel Meynard\" \/>\t\t\t\t\t\t\t\t\t\t\t\t\t\t\t<\/div>\n\t\t\t\t<\/div>\n\t\t\t\t<\/div>\n\t\t<div class=\"elementor-element elementor-element-87600ee e-con-full e-flex e-con e-parent\" data-id=\"87600ee\" data-element_type=\"container\" data-e-type=\"container\" data-settings=\"{&quot;background_background&quot;:&quot;classic&quot;,&quot;_ha_eqh_enable&quot;:false}\">\n\t\t\t\t<div class=\"elementor-element elementor-element-4a2bfed elementor-widget elementor-widget-image\" data-id=\"4a2bfed\" data-element_type=\"widget\" data-e-type=\"widget\" data-widget_type=\"image.default\">\n\t\t\t\t<div class=\"elementor-widget-container\">\n\t\t\t\t\t\t\t\t\t\t\t\t\t\t\t\t<a href=\"https:\/\/murielmeynard.art\/en\/portraitiste-de-france-2021\/\">\n\t\t\t\t\t\t\t<img loading=\"lazy\" decoding=\"async\" width=\"800\" height=\"533\" src=\"https:\/\/murielmeynard.art\/wp-content\/uploads\/2023\/01\/Photographe-Bordeaux-Muriel-005.jpg\" class=\"attachment-full size-full wp-image-10564\" alt=\"Photographe Bordeaux - Muriel Meynard\" srcset=\"https:\/\/murielmeynard.art\/wp-content\/uploads\/2023\/01\/Photographe-Bordeaux-Muriel-005.jpg 800w, https:\/\/murielmeynard.art\/wp-content\/uploads\/2023\/01\/Photographe-Bordeaux-Muriel-005-18x12.jpg 18w, https:\/\/murielmeynard.art\/wp-content\/uploads\/2023\/01\/Photographe-Bordeaux-Muriel-005-300x200.jpg 300w, https:\/\/murielmeynard.art\/wp-content\/uploads\/2023\/01\/Photographe-Bordeaux-Muriel-005-768x512.jpg 768w\" sizes=\"(max-width: 800px) 100vw, 800px\" \/>\t\t\t\t\t\t\t\t<\/a>\n\t\t\t\t\t\t\t\t\t\t\t\t\t\t\t<\/div>\n\t\t\t\t<\/div>\n\t\t\t\t<\/div>\n\t\t\t\t\t<\/div>\n\t\t\t\t<\/div>\n\t\t\t\t<\/div>","protected":false},"excerpt":{"rendered":"<p>BIENVENUE DANS MON UNIVERS\u202f! \u00ab\u202fLa photographie est l\u2019art de montrer de combien d\u2019instants \u00e9ph\u00e9m\u00e8res la vie est faite.\u202f\u00bb Marcel Proust Ecrire avec la lumi\u00e8re me fascine tout autant que le pouvoir qu\u2019ont les images de susciter ou raviver des \u00e9motions. J\u2019aime la photographie en tant qu\u2019art et en tant que moyen d\u2019expression, mais aussi parce [&hellip;]<\/p>\n","protected":false},"author":1,"featured_media":0,"parent":0,"menu_order":0,"comment_status":"closed","ping_status":"closed","template":"elementor_header_footer","meta":{"_acf_changed":false,"iawp_total_views":346,"footnotes":""},"class_list":["post-6922","page","type-page","status-publish","hentry"],"acf":[],"_links":{"self":[{"href":"https:\/\/murielmeynard.art\/en\/wp-json\/wp\/v2\/pages\/6922","targetHints":{"allow":["GET"]}}],"collection":[{"href":"https:\/\/murielmeynard.art\/en\/wp-json\/wp\/v2\/pages"}],"about":[{"href":"https:\/\/murielmeynard.art\/en\/wp-json\/wp\/v2\/types\/page"}],"author":[{"embeddable":true,"href":"https:\/\/murielmeynard.art\/en\/wp-json\/wp\/v2\/users\/1"}],"replies":[{"embeddable":true,"href":"https:\/\/murielmeynard.art\/en\/wp-json\/wp\/v2\/comments?post=6922"}],"version-history":[{"count":1,"href":"https:\/\/murielmeynard.art\/en\/wp-json\/wp\/v2\/pages\/6922\/revisions"}],"predecessor-version":[{"id":12849,"href":"https:\/\/murielmeynard.art\/en\/wp-json\/wp\/v2\/pages\/6922\/revisions\/12849"}],"wp:attachment":[{"href":"https:\/\/murielmeynard.art\/en\/wp-json\/wp\/v2\/media?parent=6922"}],"curies":[{"name":"wp","href":"https:\/\/api.w.org\/{rel}","templated":true}]}}