{"id":6098,"date":"2022-11-02T14:25:08","date_gmt":"2022-11-02T13:25:08","guid":{"rendered":"https:\/\/murielmeynard.art\/?page_id=6098"},"modified":"2023-01-04T21:05:10","modified_gmt":"2023-01-04T20:05:10","slug":"credits-photographiques","status":"publish","type":"page","link":"https:\/\/murielmeynard.art\/en\/credits-photographiques\/","title":{"rendered":"Photo credits"},"content":{"rendered":"<div data-elementor-type=\"wp-page\" data-elementor-id=\"6098\" class=\"elementor elementor-6098\" data-elementor-settings=\"{&quot;ha_cmc_init_switcher&quot;:&quot;no&quot;}\" data-elementor-post-type=\"page\">\n\t\t\t\t<div class=\"elementor-element elementor-element-c87128b e-flex e-con-boxed e-con e-parent\" data-id=\"c87128b\" data-element_type=\"container\" data-e-type=\"container\" data-settings=\"{&quot;_ha_eqh_enable&quot;:false}\">\n\t\t\t\t\t<div class=\"e-con-inner\">\n\t\t<div class=\"elementor-element elementor-element-660a8d1 e-con-full e-flex e-con e-parent\" data-id=\"660a8d1\" data-element_type=\"container\" data-e-type=\"container\" data-settings=\"{&quot;_ha_eqh_enable&quot;:false}\">\n\t\t\t\t<div class=\"elementor-element elementor-element-3df7bb2 elementor-widget elementor-widget-heading\" data-id=\"3df7bb2\" data-element_type=\"widget\" data-e-type=\"widget\" data-widget_type=\"heading.default\">\n\t\t\t\t<div class=\"elementor-widget-container\">\n\t\t\t\t\t<h1 class=\"elementor-heading-title elementor-size-default\">CREDITS PHOTOGRAPHIQUES<\/h1>\t\t\t\t<\/div>\n\t\t\t\t<\/div>\n\t\t\t\t<\/div>\n\t\t<div class=\"elementor-element elementor-element-16689a9 e-con-full e-flex e-con e-parent\" data-id=\"16689a9\" data-element_type=\"container\" data-e-type=\"container\" data-settings=\"{&quot;_ha_eqh_enable&quot;:false}\">\n\t\t\t\t<div class=\"elementor-element elementor-element-027bb25 elementor-widget-divider--view-line elementor-widget elementor-widget-divider\" data-id=\"027bb25\" data-element_type=\"widget\" data-e-type=\"widget\" data-widget_type=\"divider.default\">\n\t\t\t\t<div class=\"elementor-widget-container\">\n\t\t\t\t\t\t\t<div class=\"elementor-divider\">\n\t\t\t<span class=\"elementor-divider-separator\">\n\t\t\t\t\t\t<\/span>\n\t\t<\/div>\n\t\t\t\t\t\t<\/div>\n\t\t\t\t<\/div>\n\t\t\t\t<\/div>\n\t\t\t\t\t<\/div>\n\t\t\t\t<\/div>\n\t\t<div class=\"elementor-element elementor-element-41a0662 e-flex e-con-boxed e-con e-parent\" data-id=\"41a0662\" data-element_type=\"container\" data-e-type=\"container\" data-settings=\"{&quot;_ha_eqh_enable&quot;:false}\">\n\t\t\t\t\t<div class=\"e-con-inner\">\n\t\t<div class=\"elementor-element elementor-element-ec3ef08 e-flex e-con-boxed e-con e-parent\" data-id=\"ec3ef08\" data-element_type=\"container\" data-e-type=\"container\" data-settings=\"{&quot;background_background&quot;:&quot;classic&quot;,&quot;_ha_eqh_enable&quot;:false}\">\n\t\t\t\t\t<div class=\"e-con-inner\">\n\t\t\t\t<div class=\"elementor-element elementor-element-ab294e0 elementor-widget elementor-widget-text-editor\" data-id=\"ab294e0\" data-element_type=\"widget\" data-e-type=\"widget\" data-widget_type=\"text-editor.default\">\n\t\t\t\t<div class=\"elementor-widget-container\">\n\t\t\t\t\t\t\t\t\t<p>Sauf exception, toutes les photographies pr\u00e9sentes sur ce site sont la propri\u00e9t\u00e9 de Muriel Meynard, et font l&rsquo;objet de son exploitation exclusive.<\/p>\n<p>Si une photographie a \u00e9t\u00e9 r\u00e9alis\u00e9e par un tiers, elle fait l&rsquo;objet d&rsquo;un \u00ab\u202fcr\u00e9dit photographique\u202f\u00bb&nbsp;affich\u00e9 en dessous de celle-ci. Un lien cliquable sera \u00e9ventuellement pr\u00e9sent, permettant de visiter le site de ce tiers.<\/p>\n<p>En effet, le \u00ab\u202fcr\u00e9dit photographique\u202f\u00bb n&rsquo;est pas une option mais une obligation l\u00e9gale, not\u00e9e dans l&rsquo;article L.121-1 du Code de la propri\u00e9t\u00e9 intellectuelle, indiquant que \u00ab\u202fl&rsquo;auteur jouit du droit au respect de son nom, de sa qualit\u00e9 et de son \u0153uvre.\u202f\u00bb.<br><a href=\"https:\/\/www.legifrance.gouv.fr\/codes\/article_lc\/LEGIARTI000006278891\/\" target=\"_blank\" rel=\"noopener\">https:\/\/www.legifrance.gouv.fr\/codes\/article_lc\/LEGIARTI000006278891\/<\/a><\/p>\t\t\t\t\t\t\t\t<\/div>\n\t\t\t\t<\/div>\n\t\t\t\t\t<\/div>\n\t\t\t\t<\/div>\n\t\t\t\t\t<\/div>\n\t\t\t\t<\/div>\n\t\t\t\t<\/div>","protected":false},"excerpt":{"rendered":"<p>CREDITS PHOTOGRAPHIQUES Sauf exception, toutes les photographies pr\u00e9sentes sur ce site sont la propri\u00e9t\u00e9 de Muriel Meynard, et font l&rsquo;objet de son exploitation exclusive. Si une photographie a \u00e9t\u00e9 r\u00e9alis\u00e9e par un tiers, elle fait l&rsquo;objet d&rsquo;un \u00ab\u202fcr\u00e9dit photographique\u202f\u00bb&nbsp;affich\u00e9 en dessous de celle-ci. Un lien cliquable sera \u00e9ventuellement pr\u00e9sent, permettant de visiter le site de [&hellip;]<\/p>\n","protected":false},"author":1,"featured_media":0,"parent":0,"menu_order":0,"comment_status":"closed","ping_status":"closed","template":"elementor_header_footer","meta":{"_acf_changed":false,"iawp_total_views":27,"footnotes":""},"class_list":["post-6098","page","type-page","status-publish","hentry"],"acf":[],"_links":{"self":[{"href":"https:\/\/murielmeynard.art\/en\/wp-json\/wp\/v2\/pages\/6098","targetHints":{"allow":["GET"]}}],"collection":[{"href":"https:\/\/murielmeynard.art\/en\/wp-json\/wp\/v2\/pages"}],"about":[{"href":"https:\/\/murielmeynard.art\/en\/wp-json\/wp\/v2\/types\/page"}],"author":[{"embeddable":true,"href":"https:\/\/murielmeynard.art\/en\/wp-json\/wp\/v2\/users\/1"}],"replies":[{"embeddable":true,"href":"https:\/\/murielmeynard.art\/en\/wp-json\/wp\/v2\/comments?post=6098"}],"version-history":[{"count":1,"href":"https:\/\/murielmeynard.art\/en\/wp-json\/wp\/v2\/pages\/6098\/revisions"}],"predecessor-version":[{"id":12875,"href":"https:\/\/murielmeynard.art\/en\/wp-json\/wp\/v2\/pages\/6098\/revisions\/12875"}],"wp:attachment":[{"href":"https:\/\/murielmeynard.art\/en\/wp-json\/wp\/v2\/media?parent=6098"}],"curies":[{"name":"wp","href":"https:\/\/api.w.org\/{rel}","templated":true}]}}