{"id":12483,"date":"2025-02-09T20:17:54","date_gmt":"2025-02-09T19:17:54","guid":{"rendered":"https:\/\/murielmeynard.art\/?page_id=12483"},"modified":"2025-02-09T20:18:13","modified_gmt":"2025-02-09T19:18:13","slug":"l-atelier","status":"publish","type":"page","link":"https:\/\/murielmeynard.art\/en\/l-atelier\/","title":{"rendered":"The workshop"},"content":{"rendered":"<div data-elementor-type=\"wp-page\" data-elementor-id=\"12483\" class=\"elementor elementor-12483\" data-elementor-settings=\"{&quot;ha_cmc_init_switcher&quot;:&quot;no&quot;}\" data-elementor-post-type=\"page\">\n\t\t\t\t<div class=\"elementor-element elementor-element-2ad80c4 e-flex e-con-boxed e-con e-parent\" data-id=\"2ad80c4\" data-element_type=\"container\" data-e-type=\"container\" data-settings=\"{&quot;_ha_eqh_enable&quot;:false}\">\n\t\t\t\t\t<div class=\"e-con-inner\">\n\t\t<div class=\"elementor-element elementor-element-c44e3fb e-con-full e-flex e-con e-child\" data-id=\"c44e3fb\" data-element_type=\"container\" data-e-type=\"container\" data-settings=\"{&quot;_ha_eqh_enable&quot;:false}\">\n\t\t\t\t<div class=\"elementor-element elementor-element-32298de elementor-widget__width-inherit elementor-widget elementor-widget-heading\" data-id=\"32298de\" data-element_type=\"widget\" data-e-type=\"widget\" data-widget_type=\"heading.default\">\n\t\t\t\t<div class=\"elementor-widget-container\">\n\t\t\t\t\t<h1 class=\"elementor-heading-title elementor-size-default\">THE WORKSHOP<\/h1>\t\t\t\t<\/div>\n\t\t\t\t<\/div>\n\t\t<div class=\"elementor-element elementor-element-769d7d6 e-con-full e-flex e-con e-child\" data-id=\"769d7d6\" data-element_type=\"container\" data-e-type=\"container\" data-settings=\"{&quot;_ha_eqh_enable&quot;:false}\">\n\t\t\t\t<div class=\"elementor-element elementor-element-858c104 elementor-align-center elementor-widget elementor-widget-button\" data-id=\"858c104\" data-element_type=\"widget\" data-e-type=\"widget\" data-widget_type=\"button.default\">\n\t\t\t\t<div class=\"elementor-widget-container\">\n\t\t\t\t\t\t\t\t\t<div class=\"elementor-button-wrapper\">\n\t\t\t\t\t<a class=\"elementor-button elementor-button-link elementor-size-sm\" href=\"#ancre-galerie-atelier\">\n\t\t\t\t\t\t<span class=\"elementor-button-content-wrapper\">\n\t\t\t\t\t\t\t\t\t<span class=\"elementor-button-text\">Gallery<\/span>\n\t\t\t\t\t<\/span>\n\t\t\t\t\t<\/a>\n\t\t\t\t<\/div>\n\t\t\t\t\t\t\t\t<\/div>\n\t\t\t\t<\/div>\n\t\t\t\t<\/div>\n\t\t\t\t<\/div>\n\t\t<div class=\"elementor-element elementor-element-7869604 e-con-full e-flex e-con e-child\" data-id=\"7869604\" data-element_type=\"container\" data-e-type=\"container\" data-settings=\"{&quot;_ha_eqh_enable&quot;:false}\">\n\t\t\t\t<div class=\"elementor-element elementor-element-fafc2cf elementor-widget-divider--view-line elementor-widget elementor-widget-divider\" data-id=\"fafc2cf\" data-element_type=\"widget\" data-e-type=\"widget\" data-widget_type=\"divider.default\">\n\t\t\t\t<div class=\"elementor-widget-container\">\n\t\t\t\t\t\t\t<div class=\"elementor-divider\">\n\t\t\t<span class=\"elementor-divider-separator\">\n\t\t\t\t\t\t<\/span>\n\t\t<\/div>\n\t\t\t\t\t\t<\/div>\n\t\t\t\t<\/div>\n\t\t\t\t<\/div>\n\t\t\t\t\t<\/div>\n\t\t\t\t<\/div>\n\t\t<div class=\"elementor-element elementor-element-b624b7e e-flex e-con-boxed e-con e-parent\" data-id=\"b624b7e\" data-element_type=\"container\" data-e-type=\"container\" data-settings=\"{&quot;background_background&quot;:&quot;classic&quot;,&quot;_ha_eqh_enable&quot;:false}\">\n\t\t\t\t\t<div class=\"e-con-inner\">\n\t\t<div class=\"elementor-element elementor-element-50b4ab2 e-con-full e-flex e-con e-child\" data-id=\"50b4ab2\" data-element_type=\"container\" data-e-type=\"container\" data-settings=\"{&quot;background_background&quot;:&quot;classic&quot;,&quot;_ha_eqh_enable&quot;:false}\">\n\t\t\t\t<div class=\"elementor-element elementor-element-83540c2 elementor-drop-cap-yes elementor-drop-cap-view-default elementor-widget elementor-widget-text-editor\" data-id=\"83540c2\" data-element_type=\"widget\" data-e-type=\"widget\" data-settings=\"{&quot;drop_cap&quot;:&quot;yes&quot;}\" data-widget_type=\"text-editor.default\">\n\t\t\t\t<div class=\"elementor-widget-container\">\n\t\t\t\t\t\t\t\t\t<p>Welcome to my \"Portrait Workshop\", my \"memory factory\"! More commonly called \"home studio\", it is a space that I wanted to be cosy and warm, where emotions and memories are created and shared: a little bit of me, a lot of you...<\/p><p>Whether you\u2019re coming for a professional portrait or with your family, for a pregnancy or boudoir session, whether you like posed and directed style, or \u201clifestyle\u201d and spontaneous, there\u2019s something for everyone, my \u201cplayground\u201d is vast and (almost) limitless. It is composed of a living room of 30m\u00b2, a projection room where you can put your belongings and change (or change baby), the Studio, and the Garden.<\/p>\t\t\t\t\t\t\t\t<\/div>\n\t\t\t\t<\/div>\n\t\t\t\t<\/div>\n\t\t<div class=\"elementor-element elementor-element-0e7bec9 e-con-full e-flex e-con e-child\" data-id=\"0e7bec9\" data-element_type=\"container\" data-e-type=\"container\" data-settings=\"{&quot;background_background&quot;:&quot;classic&quot;,&quot;_ha_eqh_enable&quot;:false}\">\n\t\t\t\t<div class=\"elementor-element elementor-element-d9a9fe5 elementor-widget elementor-widget-image\" data-id=\"d9a9fe5\" data-element_type=\"widget\" data-e-type=\"widget\" data-widget_type=\"image.default\">\n\t\t\t\t<div class=\"elementor-widget-container\">\n\t\t\t\t\t\t\t\t\t\t\t\t\t\t\t<img fetchpriority=\"high\" decoding=\"async\" width=\"800\" height=\"533\" src=\"https:\/\/murielmeynard.art\/wp-content\/uploads\/2023\/01\/Photographe-Bordeaux-Atelier-001.jpg\" class=\"attachment-full size-full wp-image-10572\" alt=\"Photographe Bordeaux - Atelier\" srcset=\"https:\/\/murielmeynard.art\/wp-content\/uploads\/2023\/01\/Photographe-Bordeaux-Atelier-001.jpg 800w, https:\/\/murielmeynard.art\/wp-content\/uploads\/2023\/01\/Photographe-Bordeaux-Atelier-001-18x12.jpg 18w, https:\/\/murielmeynard.art\/wp-content\/uploads\/2023\/01\/Photographe-Bordeaux-Atelier-001-300x200.jpg 300w, https:\/\/murielmeynard.art\/wp-content\/uploads\/2023\/01\/Photographe-Bordeaux-Atelier-001-768x512.jpg 768w\" sizes=\"(max-width: 800px) 100vw, 800px\" \/>\t\t\t\t\t\t\t\t\t\t\t\t\t\t\t<\/div>\n\t\t\t\t<\/div>\n\t\t\t\t<\/div>\n\t\t\t\t\t<\/div>\n\t\t\t\t<\/div>\n\t\t<div class=\"elementor-element elementor-element-3064046 e-flex e-con-boxed e-con e-parent\" data-id=\"3064046\" data-element_type=\"container\" data-e-type=\"container\" data-settings=\"{&quot;background_background&quot;:&quot;classic&quot;,&quot;_ha_eqh_enable&quot;:false}\">\n\t\t\t\t\t<div class=\"e-con-inner\">\n\t\t<div class=\"elementor-element elementor-element-e1794a7 e-con-full e-flex e-con e-child\" data-id=\"e1794a7\" data-element_type=\"container\" data-e-type=\"container\" data-settings=\"{&quot;background_background&quot;:&quot;classic&quot;,&quot;_ha_eqh_enable&quot;:false}\">\n\t\t\t\t<div class=\"elementor-element elementor-element-db33a61 elementor-drop-cap-yes elementor-drop-cap-view-default elementor-widget elementor-widget-text-editor\" data-id=\"db33a61\" data-element_type=\"widget\" data-e-type=\"widget\" data-settings=\"{&quot;drop_cap&quot;:&quot;yes&quot;}\" data-widget_type=\"text-editor.default\">\n\t\t\t\t<div class=\"elementor-widget-container\">\n\t\t\t\t\t\t\t\t\t<p>The studio area is well equipped with professional equipment and decorative accessories (backgrounds, etc.). The decor can be sober or sophisticated, depending on your tastes and desires. I offer you several possible \"universes\" before your photo session, you can choose up to 3 different ones. Outfits and accessories are also available.<\/p><p>I regularly work with talented partners, who help me to realize my decoration projects, or offer you a \"beauty makeover\" for a complete experience, both for your corporate portrait and for your \"cocooning\" moments (florist, make-up artist, hairdresser\u2026).<\/p>\t\t\t\t\t\t\t\t<\/div>\n\t\t\t\t<\/div>\n\t\t\t\t<\/div>\n\t\t<div class=\"elementor-element elementor-element-3e9a1b6 e-con-full e-flex e-con e-child\" data-id=\"3e9a1b6\" data-element_type=\"container\" data-e-type=\"container\" data-settings=\"{&quot;background_background&quot;:&quot;classic&quot;,&quot;_ha_eqh_enable&quot;:false}\">\n\t\t\t\t<div class=\"elementor-element elementor-element-ce89094 ha-has-bg-overlay elementor-widget elementor-widget-image\" data-id=\"ce89094\" data-element_type=\"widget\" data-e-type=\"widget\" data-widget_type=\"image.default\">\n\t\t\t\t<div class=\"elementor-widget-container\">\n\t\t\t\t\t\t\t\t\t\t\t\t\t\t\t<img decoding=\"async\" width=\"800\" height=\"533\" src=\"https:\/\/murielmeynard.art\/wp-content\/uploads\/2023\/01\/Photographe-Bordeaux-Atelier-002.jpg\" class=\"attachment-full size-full wp-image-10569\" alt=\"Photographe Bordeaux - Atelier\" srcset=\"https:\/\/murielmeynard.art\/wp-content\/uploads\/2023\/01\/Photographe-Bordeaux-Atelier-002.jpg 800w, https:\/\/murielmeynard.art\/wp-content\/uploads\/2023\/01\/Photographe-Bordeaux-Atelier-002-18x12.jpg 18w, https:\/\/murielmeynard.art\/wp-content\/uploads\/2023\/01\/Photographe-Bordeaux-Atelier-002-300x200.jpg 300w, https:\/\/murielmeynard.art\/wp-content\/uploads\/2023\/01\/Photographe-Bordeaux-Atelier-002-768x512.jpg 768w\" sizes=\"(max-width: 800px) 100vw, 800px\" \/>\t\t\t\t\t\t\t\t\t\t\t\t\t\t\t<\/div>\n\t\t\t\t<\/div>\n\t\t\t\t<\/div>\n\t\t\t\t\t<\/div>\n\t\t\t\t<\/div>\n\t\t<div class=\"elementor-element elementor-element-136c72e e-flex e-con-boxed e-con e-parent\" data-id=\"136c72e\" data-element_type=\"container\" data-e-type=\"container\" data-settings=\"{&quot;background_background&quot;:&quot;classic&quot;,&quot;_ha_eqh_enable&quot;:false}\">\n\t\t\t\t\t<div class=\"e-con-inner\">\n\t\t<div class=\"elementor-element elementor-element-dcd75fb e-con-full e-flex e-con e-child\" data-id=\"dcd75fb\" data-element_type=\"container\" data-e-type=\"container\" data-settings=\"{&quot;background_background&quot;:&quot;classic&quot;,&quot;_ha_eqh_enable&quot;:false}\">\n\t\t\t\t<div class=\"elementor-element elementor-element-d176a43 elementor-drop-cap-yes elementor-drop-cap-view-default elementor-widget elementor-widget-text-editor\" data-id=\"d176a43\" data-element_type=\"widget\" data-e-type=\"widget\" data-settings=\"{&quot;drop_cap&quot;:&quot;yes&quot;}\" data-widget_type=\"text-editor.default\">\n\t\t\t\t<div class=\"elementor-widget-container\">\n\t\t\t\t\t\t\t\t\t<p>The Atelier is very suitable for family sessions: we often start them in the studio, where the flashes are suspended and no wires are lying on the ground, for portraits that are a little posed (but not too much); which sometimes end up in family hugs or \"heckles\" on the sofa bed.<\/p><p>Everything is provided for the safety of babies, they also have a \u00abmini wardrobe\u00bb at their disposal.<\/p><p>In the living room, we often take more relaxed, more \u201clifestyle\u201d photos. During newborn sessions, the older ones can play, color a book, or rest.<\/p><p>And when the weather allows it, we go to the garden. There's plenty of room for fun and spontaneous, lively photos.<\/p>\t\t\t\t\t\t\t\t<\/div>\n\t\t\t\t<\/div>\n\t\t\t\t<\/div>\n\t\t<div class=\"elementor-element elementor-element-28a0184 e-con-full e-flex e-con e-child\" data-id=\"28a0184\" data-element_type=\"container\" data-e-type=\"container\" data-settings=\"{&quot;background_background&quot;:&quot;classic&quot;,&quot;_ha_eqh_enable&quot;:false}\">\n\t\t\t\t<div class=\"elementor-element elementor-element-027ca0a elementor-widget elementor-widget-image\" data-id=\"027ca0a\" data-element_type=\"widget\" data-e-type=\"widget\" data-widget_type=\"image.default\">\n\t\t\t\t<div class=\"elementor-widget-container\">\n\t\t\t\t\t\t\t\t\t\t\t\t\t\t\t<img decoding=\"async\" width=\"800\" height=\"533\" src=\"https:\/\/murielmeynard.art\/wp-content\/uploads\/2023\/01\/Photographe-Bordeaux-Atelier-003.jpg\" class=\"attachment-full size-full wp-image-10570\" alt=\"Photographe Bordeaux - Atelier\" srcset=\"https:\/\/murielmeynard.art\/wp-content\/uploads\/2023\/01\/Photographe-Bordeaux-Atelier-003.jpg 800w, https:\/\/murielmeynard.art\/wp-content\/uploads\/2023\/01\/Photographe-Bordeaux-Atelier-003-18x12.jpg 18w, https:\/\/murielmeynard.art\/wp-content\/uploads\/2023\/01\/Photographe-Bordeaux-Atelier-003-300x200.jpg 300w, https:\/\/murielmeynard.art\/wp-content\/uploads\/2023\/01\/Photographe-Bordeaux-Atelier-003-768x512.jpg 768w\" sizes=\"(max-width: 800px) 100vw, 800px\" \/>\t\t\t\t\t\t\t\t\t\t\t\t\t\t\t<\/div>\n\t\t\t\t<\/div>\n\t\t\t\t<\/div>\n\t\t\t\t\t<\/div>\n\t\t\t\t<\/div>\n\t\t<div class=\"elementor-element elementor-element-161709f e-flex e-con-boxed e-con e-parent\" data-id=\"161709f\" data-element_type=\"container\" data-e-type=\"container\" data-settings=\"{&quot;_ha_eqh_enable&quot;:false}\">\n\t\t\t\t\t<div class=\"e-con-inner\">\n\t\t\t\t<div class=\"elementor-element elementor-element-54c17eb elementor-widget elementor-widget-menu-anchor\" data-id=\"54c17eb\" data-element_type=\"widget\" data-e-type=\"widget\" data-widget_type=\"menu-anchor.default\">\n\t\t\t\t<div class=\"elementor-widget-container\">\n\t\t\t\t\t\t\t<div class=\"elementor-menu-anchor\" id=\"ancre-galerie-atelier\"><\/div>\n\t\t\t\t\t\t<\/div>\n\t\t\t\t<\/div>\n\t\t\t\t<div class=\"elementor-element elementor-element-a146fb8 elementor-widget-divider--view-line elementor-widget elementor-widget-divider\" data-id=\"a146fb8\" data-element_type=\"widget\" data-e-type=\"widget\" data-widget_type=\"divider.default\">\n\t\t\t\t<div class=\"elementor-widget-container\">\n\t\t\t\t\t\t\t<div class=\"elementor-divider\">\n\t\t\t<span class=\"elementor-divider-separator\">\n\t\t\t\t\t\t<\/span>\n\t\t<\/div>\n\t\t\t\t\t\t<\/div>\n\t\t\t\t<\/div>\n\t\t\t\t<div class=\"elementor-element elementor-element-5331c1f elementor-widget elementor-widget-heading\" data-id=\"5331c1f\" data-element_type=\"widget\" data-e-type=\"widget\" data-widget_type=\"heading.default\">\n\t\t\t\t<div class=\"elementor-widget-container\">\n\t\t\t\t\t<h2 class=\"elementor-heading-title elementor-size-default\">WORKSHOP IMAGE GALLERY<\/h2>\t\t\t\t<\/div>\n\t\t\t\t<\/div>\n\t\t\t\t<div class=\"elementor-element elementor-element-74a6429 elementor-widget-mobile__width-inherit elementor-widget__width-inherit elementor-widget elementor-widget-gallery\" data-id=\"74a6429\" data-element_type=\"widget\" data-e-type=\"widget\" data-settings=\"{&quot;gallery_layout&quot;:&quot;masonry&quot;,&quot;columns_tablet&quot;:3,&quot;lazyload&quot;:&quot;yes&quot;,&quot;columns&quot;:4,&quot;columns_mobile&quot;:1,&quot;gap&quot;:{&quot;unit&quot;:&quot;px&quot;,&quot;size&quot;:10,&quot;sizes&quot;:[]},&quot;gap_tablet&quot;:{&quot;unit&quot;:&quot;px&quot;,&quot;size&quot;:10,&quot;sizes&quot;:[]},&quot;gap_mobile&quot;:{&quot;unit&quot;:&quot;px&quot;,&quot;size&quot;:10,&quot;sizes&quot;:[]},&quot;link_to&quot;:&quot;file&quot;,&quot;content_hover_animation&quot;:&quot;fade-in&quot;}\" data-widget_type=\"gallery.default\">\n\t\t\t\t<div class=\"elementor-widget-container\">\n\t\t\t\t\t\t\t<div class=\"elementor-gallery__container\">\n\t\t\t\t\t\t\t<a class=\"e-gallery-item elementor-gallery-item elementor-animated-content\" href=\"https:\/\/murielmeynard.art\/wp-content\/uploads\/2023\/01\/Photographe-Bordeaux-Galerie-Atelier-001.jpg\" data-elementor-open-lightbox=\"yes\" data-elementor-lightbox-slideshow=\"74a6429\" data-e-action-hash=\"#elementor-action%3Aaction%3Dlightbox%26settings%3DeyJpZCI6MTA1ODEsInVybCI6Imh0dHBzOlwvXC9tdXJpZWxtZXluYXJkLmFydFwvd3AtY29udGVudFwvdXBsb2Fkc1wvMjAyM1wvMDFcL1Bob3RvZ3JhcGhlLUJvcmRlYXV4LUdhbGVyaWUtQXRlbGllci0wMDEuanBnIiwic2xpZGVzaG93IjoiNzRhNjQyOSJ9\">\n\t\t\t\t\t<div class=\"e-gallery-image elementor-gallery-item__image\" data-thumbnail=\"https:\/\/murielmeynard.art\/wp-content\/uploads\/2023\/01\/Photographe-Bordeaux-Galerie-Atelier-001-768x512.jpg\" data-width=\"768\" data-height=\"512\" aria-label=\"\" role=\"img\" ><\/div>\n\t\t\t\t\t\t\t\t\t\t\t\t\t\t<\/a>\n\t\t\t\t\t\t\t<a class=\"e-gallery-item elementor-gallery-item elementor-animated-content\" href=\"https:\/\/murielmeynard.art\/wp-content\/uploads\/2023\/01\/Photographe-Bordeaux-Galerie-Atelier-002.jpg\" data-elementor-open-lightbox=\"yes\" data-elementor-lightbox-slideshow=\"74a6429\" data-e-action-hash=\"#elementor-action%3Aaction%3Dlightbox%26settings%3DeyJpZCI6MTA1ODIsInVybCI6Imh0dHBzOlwvXC9tdXJpZWxtZXluYXJkLmFydFwvd3AtY29udGVudFwvdXBsb2Fkc1wvMjAyM1wvMDFcL1Bob3RvZ3JhcGhlLUJvcmRlYXV4LUdhbGVyaWUtQXRlbGllci0wMDIuanBnIiwic2xpZGVzaG93IjoiNzRhNjQyOSJ9\">\n\t\t\t\t\t<div class=\"e-gallery-image elementor-gallery-item__image\" data-thumbnail=\"https:\/\/murielmeynard.art\/wp-content\/uploads\/2023\/01\/Photographe-Bordeaux-Galerie-Atelier-002-768x512.jpg\" data-width=\"768\" data-height=\"512\" aria-label=\"\" role=\"img\" ><\/div>\n\t\t\t\t\t\t\t\t\t\t\t\t\t\t<\/a>\n\t\t\t\t\t\t\t<a class=\"e-gallery-item elementor-gallery-item elementor-animated-content\" href=\"https:\/\/murielmeynard.art\/wp-content\/uploads\/2023\/01\/Photographe-Bordeaux-Galerie-Atelier-003.jpg\" data-elementor-open-lightbox=\"yes\" data-elementor-lightbox-slideshow=\"74a6429\" data-e-action-hash=\"#elementor-action%3Aaction%3Dlightbox%26settings%3DeyJpZCI6MTA1ODMsInVybCI6Imh0dHBzOlwvXC9tdXJpZWxtZXluYXJkLmFydFwvd3AtY29udGVudFwvdXBsb2Fkc1wvMjAyM1wvMDFcL1Bob3RvZ3JhcGhlLUJvcmRlYXV4LUdhbGVyaWUtQXRlbGllci0wMDMuanBnIiwic2xpZGVzaG93IjoiNzRhNjQyOSJ9\">\n\t\t\t\t\t<div class=\"e-gallery-image elementor-gallery-item__image\" data-thumbnail=\"https:\/\/murielmeynard.art\/wp-content\/uploads\/2023\/01\/Photographe-Bordeaux-Galerie-Atelier-003-768x512.jpg\" data-width=\"768\" data-height=\"512\" aria-label=\"\" role=\"img\" ><\/div>\n\t\t\t\t\t\t\t\t\t\t\t\t\t\t<\/a>\n\t\t\t\t\t\t\t<a class=\"e-gallery-item elementor-gallery-item elementor-animated-content\" href=\"https:\/\/murielmeynard.art\/wp-content\/uploads\/2023\/01\/Photographe-Bordeaux-Galerie-Atelier-004.jpg\" data-elementor-open-lightbox=\"yes\" data-elementor-lightbox-slideshow=\"74a6429\" data-e-action-hash=\"#elementor-action%3Aaction%3Dlightbox%26settings%3DeyJpZCI6MTA1ODQsInVybCI6Imh0dHBzOlwvXC9tdXJpZWxtZXluYXJkLmFydFwvd3AtY29udGVudFwvdXBsb2Fkc1wvMjAyM1wvMDFcL1Bob3RvZ3JhcGhlLUJvcmRlYXV4LUdhbGVyaWUtQXRlbGllci0wMDQuanBnIiwic2xpZGVzaG93IjoiNzRhNjQyOSJ9\">\n\t\t\t\t\t<div class=\"e-gallery-image elementor-gallery-item__image\" data-thumbnail=\"https:\/\/murielmeynard.art\/wp-content\/uploads\/2023\/01\/Photographe-Bordeaux-Galerie-Atelier-004-768x512.jpg\" data-width=\"768\" data-height=\"512\" aria-label=\"\" role=\"img\" ><\/div>\n\t\t\t\t\t\t\t\t\t\t\t\t\t\t<\/a>\n\t\t\t\t\t\t\t<a class=\"e-gallery-item elementor-gallery-item elementor-animated-content\" href=\"https:\/\/murielmeynard.art\/wp-content\/uploads\/2023\/01\/Photographe-Bordeaux-Galerie-Atelier-005.jpg\" data-elementor-open-lightbox=\"yes\" data-elementor-lightbox-slideshow=\"74a6429\" data-e-action-hash=\"#elementor-action%3Aaction%3Dlightbox%26settings%3DeyJpZCI6MTA1ODUsInVybCI6Imh0dHBzOlwvXC9tdXJpZWxtZXluYXJkLmFydFwvd3AtY29udGVudFwvdXBsb2Fkc1wvMjAyM1wvMDFcL1Bob3RvZ3JhcGhlLUJvcmRlYXV4LUdhbGVyaWUtQXRlbGllci0wMDUuanBnIiwic2xpZGVzaG93IjoiNzRhNjQyOSJ9\">\n\t\t\t\t\t<div class=\"e-gallery-image elementor-gallery-item__image\" data-thumbnail=\"https:\/\/murielmeynard.art\/wp-content\/uploads\/2023\/01\/Photographe-Bordeaux-Galerie-Atelier-005-768x512.jpg\" data-width=\"768\" data-height=\"512\" aria-label=\"\" role=\"img\" ><\/div>\n\t\t\t\t\t\t\t\t\t\t\t\t\t\t<\/a>\n\t\t\t\t\t\t\t<a class=\"e-gallery-item elementor-gallery-item elementor-animated-content\" href=\"https:\/\/murielmeynard.art\/wp-content\/uploads\/2023\/01\/Photographe-Bordeaux-Galerie-Atelier-006.jpg\" data-elementor-open-lightbox=\"yes\" data-elementor-lightbox-slideshow=\"74a6429\" data-e-action-hash=\"#elementor-action%3Aaction%3Dlightbox%26settings%3DeyJpZCI6MTA1ODYsInVybCI6Imh0dHBzOlwvXC9tdXJpZWxtZXluYXJkLmFydFwvd3AtY29udGVudFwvdXBsb2Fkc1wvMjAyM1wvMDFcL1Bob3RvZ3JhcGhlLUJvcmRlYXV4LUdhbGVyaWUtQXRlbGllci0wMDYuanBnIiwic2xpZGVzaG93IjoiNzRhNjQyOSJ9\">\n\t\t\t\t\t<div class=\"e-gallery-image elementor-gallery-item__image\" data-thumbnail=\"https:\/\/murielmeynard.art\/wp-content\/uploads\/2023\/01\/Photographe-Bordeaux-Galerie-Atelier-006-768x512.jpg\" data-width=\"768\" data-height=\"512\" aria-label=\"\" role=\"img\" ><\/div>\n\t\t\t\t\t\t\t\t\t\t\t\t\t\t<\/a>\n\t\t\t\t\t\t\t<a class=\"e-gallery-item elementor-gallery-item elementor-animated-content\" href=\"https:\/\/murielmeynard.art\/wp-content\/uploads\/2023\/01\/Photographe-Bordeaux-Galerie-Atelier-007.jpg\" data-elementor-open-lightbox=\"yes\" data-elementor-lightbox-slideshow=\"74a6429\" data-e-action-hash=\"#elementor-action%3Aaction%3Dlightbox%26settings%3DeyJpZCI6MTA1ODcsInVybCI6Imh0dHBzOlwvXC9tdXJpZWxtZXluYXJkLmFydFwvd3AtY29udGVudFwvdXBsb2Fkc1wvMjAyM1wvMDFcL1Bob3RvZ3JhcGhlLUJvcmRlYXV4LUdhbGVyaWUtQXRlbGllci0wMDcuanBnIiwic2xpZGVzaG93IjoiNzRhNjQyOSJ9\">\n\t\t\t\t\t<div class=\"e-gallery-image elementor-gallery-item__image\" data-thumbnail=\"https:\/\/murielmeynard.art\/wp-content\/uploads\/2023\/01\/Photographe-Bordeaux-Galerie-Atelier-007-768x512.jpg\" data-width=\"768\" data-height=\"512\" aria-label=\"\" role=\"img\" ><\/div>\n\t\t\t\t\t\t\t\t\t\t\t\t\t\t<\/a>\n\t\t\t\t\t\t\t<a class=\"e-gallery-item elementor-gallery-item elementor-animated-content\" href=\"https:\/\/murielmeynard.art\/wp-content\/uploads\/2023\/01\/Photographe-Bordeaux-Galerie-Atelier-008.jpg\" data-elementor-open-lightbox=\"yes\" data-elementor-lightbox-slideshow=\"74a6429\" data-e-action-hash=\"#elementor-action%3Aaction%3Dlightbox%26settings%3DeyJpZCI6MTA1NzYsInVybCI6Imh0dHBzOlwvXC9tdXJpZWxtZXluYXJkLmFydFwvd3AtY29udGVudFwvdXBsb2Fkc1wvMjAyM1wvMDFcL1Bob3RvZ3JhcGhlLUJvcmRlYXV4LUdhbGVyaWUtQXRlbGllci0wMDguanBnIiwic2xpZGVzaG93IjoiNzRhNjQyOSJ9\">\n\t\t\t\t\t<div class=\"e-gallery-image elementor-gallery-item__image\" data-thumbnail=\"https:\/\/murielmeynard.art\/wp-content\/uploads\/2023\/01\/Photographe-Bordeaux-Galerie-Atelier-008-768x512.jpg\" data-width=\"768\" data-height=\"512\" aria-label=\"\" role=\"img\" ><\/div>\n\t\t\t\t\t\t\t\t\t\t\t\t\t\t<\/a>\n\t\t\t\t\t\t\t<a class=\"e-gallery-item elementor-gallery-item elementor-animated-content\" href=\"https:\/\/murielmeynard.art\/wp-content\/uploads\/2023\/01\/Photographe-Bordeaux-Galerie-Atelier-009.jpg\" data-elementor-open-lightbox=\"yes\" data-elementor-lightbox-slideshow=\"74a6429\" data-e-action-hash=\"#elementor-action%3Aaction%3Dlightbox%26settings%3DeyJpZCI6MTA1NzcsInVybCI6Imh0dHBzOlwvXC9tdXJpZWxtZXluYXJkLmFydFwvd3AtY29udGVudFwvdXBsb2Fkc1wvMjAyM1wvMDFcL1Bob3RvZ3JhcGhlLUJvcmRlYXV4LUdhbGVyaWUtQXRlbGllci0wMDkuanBnIiwic2xpZGVzaG93IjoiNzRhNjQyOSJ9\">\n\t\t\t\t\t<div class=\"e-gallery-image elementor-gallery-item__image\" data-thumbnail=\"https:\/\/murielmeynard.art\/wp-content\/uploads\/2023\/01\/Photographe-Bordeaux-Galerie-Atelier-009-768x1152.jpg\" data-width=\"768\" data-height=\"1152\" aria-label=\"\" role=\"img\" ><\/div>\n\t\t\t\t\t\t\t\t\t\t\t\t\t\t<\/a>\n\t\t\t\t\t\t\t<a class=\"e-gallery-item elementor-gallery-item elementor-animated-content\" href=\"https:\/\/murielmeynard.art\/wp-content\/uploads\/2023\/01\/Photographe-Bordeaux-Galerie-Atelier-010.jpg\" data-elementor-open-lightbox=\"yes\" data-elementor-lightbox-slideshow=\"74a6429\" data-e-action-hash=\"#elementor-action%3Aaction%3Dlightbox%26settings%3DeyJpZCI6MTA1NzgsInVybCI6Imh0dHBzOlwvXC9tdXJpZWxtZXluYXJkLmFydFwvd3AtY29udGVudFwvdXBsb2Fkc1wvMjAyM1wvMDFcL1Bob3RvZ3JhcGhlLUJvcmRlYXV4LUdhbGVyaWUtQXRlbGllci0wMTAuanBnIiwic2xpZGVzaG93IjoiNzRhNjQyOSJ9\">\n\t\t\t\t\t<div class=\"e-gallery-image elementor-gallery-item__image\" data-thumbnail=\"https:\/\/murielmeynard.art\/wp-content\/uploads\/2023\/01\/Photographe-Bordeaux-Galerie-Atelier-010-768x512.jpg\" data-width=\"768\" data-height=\"512\" aria-label=\"\" role=\"img\" ><\/div>\n\t\t\t\t\t\t\t\t\t\t\t\t\t\t<\/a>\n\t\t\t\t\t\t\t<a class=\"e-gallery-item elementor-gallery-item elementor-animated-content\" href=\"https:\/\/murielmeynard.art\/wp-content\/uploads\/2023\/01\/Photographe-Bordeaux-Galerie-Atelier-011.jpg\" data-elementor-open-lightbox=\"yes\" data-elementor-lightbox-slideshow=\"74a6429\" data-e-action-hash=\"#elementor-action%3Aaction%3Dlightbox%26settings%3DeyJpZCI6MTA1NzksInVybCI6Imh0dHBzOlwvXC9tdXJpZWxtZXluYXJkLmFydFwvd3AtY29udGVudFwvdXBsb2Fkc1wvMjAyM1wvMDFcL1Bob3RvZ3JhcGhlLUJvcmRlYXV4LUdhbGVyaWUtQXRlbGllci0wMTEuanBnIiwic2xpZGVzaG93IjoiNzRhNjQyOSJ9\">\n\t\t\t\t\t<div class=\"e-gallery-image elementor-gallery-item__image\" data-thumbnail=\"https:\/\/murielmeynard.art\/wp-content\/uploads\/2023\/01\/Photographe-Bordeaux-Galerie-Atelier-011-768x512.jpg\" data-width=\"768\" data-height=\"512\" aria-label=\"\" role=\"img\" ><\/div>\n\t\t\t\t\t\t\t\t\t\t\t\t\t\t<\/a>\n\t\t\t\t\t\t\t<a class=\"e-gallery-item elementor-gallery-item elementor-animated-content\" href=\"https:\/\/murielmeynard.art\/wp-content\/uploads\/2023\/01\/Photographe-Bordeaux-Galerie-Atelier-012.jpg\" data-elementor-open-lightbox=\"yes\" data-elementor-lightbox-slideshow=\"74a6429\" data-e-action-hash=\"#elementor-action%3Aaction%3Dlightbox%26settings%3DeyJpZCI6MTA1ODAsInVybCI6Imh0dHBzOlwvXC9tdXJpZWxtZXluYXJkLmFydFwvd3AtY29udGVudFwvdXBsb2Fkc1wvMjAyM1wvMDFcL1Bob3RvZ3JhcGhlLUJvcmRlYXV4LUdhbGVyaWUtQXRlbGllci0wMTIuanBnIiwic2xpZGVzaG93IjoiNzRhNjQyOSJ9\">\n\t\t\t\t\t<div class=\"e-gallery-image elementor-gallery-item__image\" data-thumbnail=\"https:\/\/murielmeynard.art\/wp-content\/uploads\/2023\/01\/Photographe-Bordeaux-Galerie-Atelier-012-768x512.jpg\" data-width=\"768\" data-height=\"512\" aria-label=\"\" role=\"img\" ><\/div>\n\t\t\t\t\t\t\t\t\t\t\t\t\t\t<\/a>\n\t\t\t\t\t<\/div>\n\t\t\t\t\t<\/div>\n\t\t\t\t<\/div>\n\t\t\t\t\t<\/div>\n\t\t\t\t<\/div>\n\t\t\t\t<\/div>","protected":false},"excerpt":{"rendered":"<p>L&rsquo;ATELIER Galerie Bienvenue dans mon \u00ab\u202fAtelier du Portrait\u202f\u00bb, ma \u00ab\u202ffabrique \u00e0 souvenirs\u202f\u00bb\u202f! Plus commun\u00e9ment appel\u00e9 \u00ab\u202fhome studio\u202f\u00bb, c\u2019est un espace que j\u2019ai voulu cosy et chaleureux, o\u00f9 se cr\u00e9ent et se partagent les \u00e9motions et les souvenirs\u202f: un peu de moi, beaucoup de vous\u2026 Que vous veniez pour un portrait professionnel ou en famille, pour [&hellip;]<\/p>\n","protected":false},"author":1,"featured_media":0,"parent":0,"menu_order":0,"comment_status":"closed","ping_status":"closed","template":"elementor_header_footer","meta":{"_acf_changed":false,"iawp_total_views":215,"footnotes":""},"class_list":["post-12483","page","type-page","status-publish","hentry"],"acf":[],"_links":{"self":[{"href":"https:\/\/murielmeynard.art\/en\/wp-json\/wp\/v2\/pages\/12483","targetHints":{"allow":["GET"]}}],"collection":[{"href":"https:\/\/murielmeynard.art\/en\/wp-json\/wp\/v2\/pages"}],"about":[{"href":"https:\/\/murielmeynard.art\/en\/wp-json\/wp\/v2\/types\/page"}],"author":[{"embeddable":true,"href":"https:\/\/murielmeynard.art\/en\/wp-json\/wp\/v2\/users\/1"}],"replies":[{"embeddable":true,"href":"https:\/\/murielmeynard.art\/en\/wp-json\/wp\/v2\/comments?post=12483"}],"version-history":[{"count":4,"href":"https:\/\/murielmeynard.art\/en\/wp-json\/wp\/v2\/pages\/12483\/revisions"}],"predecessor-version":[{"id":12508,"href":"https:\/\/murielmeynard.art\/en\/wp-json\/wp\/v2\/pages\/12483\/revisions\/12508"}],"wp:attachment":[{"href":"https:\/\/murielmeynard.art\/en\/wp-json\/wp\/v2\/media?parent=12483"}],"curies":[{"name":"wp","href":"https:\/\/api.w.org\/{rel}","templated":true}]}}