{"id":10266,"date":"2023-01-05T10:17:32","date_gmt":"2023-01-05T09:17:32","guid":{"rendered":"https:\/\/murielmeynard.art\/?page_id=10266"},"modified":"2023-01-05T10:20:26","modified_gmt":"2023-01-05T09:20:26","slug":"blog-vos-histoires","status":"publish","type":"page","link":"https:\/\/murielmeynard.art\/en\/blog-vos-histoires\/","title":{"rendered":"Blog &#8211; Vos histoires"},"content":{"rendered":"<div data-elementor-type=\"wp-page\" data-elementor-id=\"10266\" class=\"elementor elementor-10266\" data-elementor-settings=\"{&quot;ha_cmc_init_switcher&quot;:&quot;no&quot;}\" data-elementor-post-type=\"page\">\n\t\t\t\t<div class=\"elementor-element elementor-element-76eaf61 e-flex e-con-boxed e-con e-parent\" data-id=\"76eaf61\" data-element_type=\"container\" data-e-type=\"container\" data-settings=\"{&quot;_ha_eqh_enable&quot;:false}\">\n\t\t\t\t\t<div class=\"e-con-inner\">\n\t\t<div class=\"elementor-element elementor-element-cfd3aeb e-con-full e-flex e-con e-parent\" data-id=\"cfd3aeb\" data-element_type=\"container\" data-e-type=\"container\" data-settings=\"{&quot;_ha_eqh_enable&quot;:false}\">\n\t\t\t\t<div class=\"elementor-element elementor-element-ddad3cc elementor-widget__width-inherit elementor-widget-tablet__width-inherit elementor-widget-mobile__width-inherit elementor-widget elementor-widget-heading\" data-id=\"ddad3cc\" data-element_type=\"widget\" data-e-type=\"widget\" data-widget_type=\"heading.default\">\n\t\t\t\t<div class=\"elementor-widget-container\">\n\t\t\t\t\t<h1 class=\"elementor-heading-title elementor-size-default\">BLOG - YOUR STORIES<\/h1>\t\t\t\t<\/div>\n\t\t\t\t<\/div>\n\t\t\t\t<\/div>\n\t\t\t\t\t<\/div>\n\t\t\t\t<\/div>\n\t\t<div class=\"elementor-element elementor-element-25bc576 e-flex e-con-boxed e-con e-parent\" data-id=\"25bc576\" data-element_type=\"container\" data-e-type=\"container\" data-settings=\"{&quot;_ha_eqh_enable&quot;:false}\">\n\t\t\t\t\t<div class=\"e-con-inner\">\n\t\t\t\t<div class=\"elementor-element elementor-element-91e018d elementor-widget-divider--view-line elementor-widget elementor-widget-divider\" data-id=\"91e018d\" data-element_type=\"widget\" data-e-type=\"widget\" data-widget_type=\"divider.default\">\n\t\t\t\t<div class=\"elementor-widget-container\">\n\t\t\t\t\t\t\t<div class=\"elementor-divider\">\n\t\t\t<span class=\"elementor-divider-separator\">\n\t\t\t\t\t\t<\/span>\n\t\t<\/div>\n\t\t\t\t\t\t<\/div>\n\t\t\t\t<\/div>\n\t\t\t\t<div class=\"elementor-element elementor-element-26babf2 premium-blog-align-left elementor-widget elementor-widget-premium-addon-blog\" data-id=\"26babf2\" data-element_type=\"widget\" data-e-type=\"widget\" data-settings=\"{&quot;premium_blog_columns_number&quot;:&quot;25%&quot;,&quot;force_height&quot;:&quot;true&quot;,&quot;premium_blog_grid&quot;:&quot;yes&quot;,&quot;premium_blog_layout&quot;:&quot;even&quot;,&quot;premium_blog_columns_number_tablet&quot;:&quot;50%&quot;,&quot;premium_blog_columns_number_mobile&quot;:&quot;100%&quot;,&quot;filter_flag&quot;:&quot;cat&quot;}\" data-widget_type=\"premium-addon-blog.default\">\n\t\t\t\t<div class=\"elementor-widget-container\">\n\t\t\t\t\t\r\n\t\t\t\t\t\t\t<div class=\"premium-blog-filter\">\r\n\t\t\t<ul class=\"premium-blog-filters-container\">\r\n\t\t\t\t\t\t\t\t\t<li>\r\n\t\t\t\t\t\t<a href=\"javascript:;\" class=\"category active\" data-filter=\"*\">\r\n\t\t\t\t\t\t\tAll\t\t\t\t\t\t<\/a>\r\n\t\t\t\t\t<\/li>\r\n\t\t\t\t\t\t\t\t\t\t\t\t\t\t<li>\r\n\t\t\t\t\t\t\t<a href=\"javascript:;\" class=\"category\" data-filter=\"corporate\">\r\n\t\t\t\t\t\t\t\tCorporate\t\t\t\t\t\t\t<\/a>\r\n\t\t\t\t\t\t<\/li>\r\n\t\t\t\t\t\t\t\t\t\t<li>\r\n\t\t\t\t\t\t\t<a href=\"javascript:;\" class=\"category\" data-filter=\"etre-soi-m-aime\">\r\n\t\t\t\t\t\t\t\tEtre Soi M'Aime\t\t\t\t\t\t\t<\/a>\r\n\t\t\t\t\t\t<\/li>\r\n\t\t\t\t\t\t\t\t\t\t<li>\r\n\t\t\t\t\t\t\t<a href=\"javascript:;\" class=\"category\" data-filter=\"mariage\">\r\n\t\t\t\t\t\t\t\tWedding\t\t\t\t\t\t\t<\/a>\r\n\t\t\t\t\t\t<\/li>\r\n\t\t\t\t\t\t\t<\/ul>\r\n\t\t<\/div>\r\n\t\t\t\t\r\n\r\n\t\t\t\t<div class=\"premium-blog-wrap  premium-blog-even\" data-page=\"10266\">\r\n\t\t\t\t\t\t\t\t\t<div class=\"premium-blog-post-outer-container etre-soi-m-aime\" data-total=\"1\">\r\n\t\t\t<div class=\"premium-blog-post-container premium-blog-skin-cards\">\r\n\t\t\t\t\t\t\t\t\t<div class=\"premium-blog-thumb-effect-wrapper\">\r\n\t\t\t\t\t\t<div class=\"premium-blog-thumbnail-container premium-blog-zoomin-effect\">\r\n\t\t\t\t\t\t\t\t\t\t\t<a href=\"https:\/\/murielmeynard.art\/en\/vanessa\/\" target=\"_self\">\r\n\t\t\t\t<img fetchpriority=\"high\" decoding=\"async\" width=\"1920\" height=\"1280\" src=\"https:\/\/murielmeynard.art\/wp-content\/uploads\/2023\/01\/Photographe-Bordeaux-Blog-Boudoir-Vanessa-011.jpg\" class=\"attachment-full size-full wp-image-11203\" alt=\"\" srcset=\"https:\/\/murielmeynard.art\/wp-content\/uploads\/2023\/01\/Photographe-Bordeaux-Blog-Boudoir-Vanessa-011.jpg 1920w, https:\/\/murielmeynard.art\/wp-content\/uploads\/2023\/01\/Photographe-Bordeaux-Blog-Boudoir-Vanessa-011-1536x1024.jpg 1536w, https:\/\/murielmeynard.art\/wp-content\/uploads\/2023\/01\/Photographe-Bordeaux-Blog-Boudoir-Vanessa-011-18x12.jpg 18w, https:\/\/murielmeynard.art\/wp-content\/uploads\/2023\/01\/Photographe-Bordeaux-Blog-Boudoir-Vanessa-011-300x200.jpg 300w, https:\/\/murielmeynard.art\/wp-content\/uploads\/2023\/01\/Photographe-Bordeaux-Blog-Boudoir-Vanessa-011-768x512.jpg 768w, https:\/\/murielmeynard.art\/wp-content\/uploads\/2023\/01\/Photographe-Bordeaux-Blog-Boudoir-Vanessa-011-1024x683.jpg 1024w\" sizes=\"(max-width: 1920px) 100vw, 1920px\" \/>\t\t\t\t<\/a>\r\n\t\t\t\t\t\t\t\t\t\t<\/div>\r\n\t\t\t\t\t\t\t\t\t\t\t\t\t<div class=\"premium-blog-effect-container premium-blog-none-effect\">\r\n\t\t\t\t\t\t\t\t<a class=\"premium-blog-post-link\" href=\"https:\/\/murielmeynard.art\/en\/vanessa\/\" target=\"_self\"><span>Vanessa<\/span><\/a>\r\n\t\t\t\t\t\t\t\t\t\t\t\t\t\t\t<\/div>\r\n\t\t\t\t\t\t\t\t\t\t\t<\/div>\r\n\t\t\t\t\t\t\t\t\t\t\t\t\t\t\t\t\t\t\t\t\t<div class=\"premium-blog-content-wrapper\">\r\n\r\n\t\t\t\t\t<div class=\"premium-blog-inner-container\">\r\n\r\n\t\t\t\t\t\t\t\t\t\t\t\t\t\t<h2 class=\"premium-blog-entry-title\">\r\n\t\t\t<a href=\"https:\/\/murielmeynard.art\/en\/vanessa\/\" target=\"_self\">\r\n\t\t\t\tVanessa\t\t\t<\/a>\r\n\t\t<\/h2>\r\n\t\t\r\n\t\t\t\t\t<\/div>\r\n\r\n\t\t\t\t\t\t\t<div class=\"premium-blog-content-inner-wrapper\">\r\n\t\t<p class=\"premium-blog-post-content\">Vanessa came to see me just before the summer for a \"Etre Soi M'Aime\" session<\/p><div class=\"premium-blog-excerpt-link-wrap\"><a href=\"https:\/\/murielmeynard.art\/en\/vanessa\/\" target=\"_self\" class=\"premium-blog-excerpt-link elementor-button\">Read more \u00bb<\/a><\/div>\t\t<\/div>\r\n\t\t\t\t<div class=\"premium-blog-entry-meta\">\r\n\t\t\t\r\n\t\t\t\t\t\t\t<span class=\"premium-blog-meta-separator\">\u2022<\/span>\r\n\t\t\t\t<div class=\"premium-blog-post-time premium-blog-meta-data\">\r\n\t\t\t\t\t<i class=\"fa fa-calendar-alt\" aria-hidden=\"true\"><\/i>\r\n\t\t\t\t\t<span>December 30, 2022<\/span>\r\n\t\t\t\t<\/div>\r\n\t\t\t\r\n\t\t\t\t\t\t\t<span class=\"premium-blog-meta-separator\">\u2022<\/span>\r\n\t\t\t\t<div class=\"premium-blog-post-categories premium-blog-meta-data\">\r\n\t\t\t\t\t<i class=\"fa fa-align-left fa-fw\" aria-hidden=\"true\"><\/i>\r\n\t\t\t\t\t<a href=\"https:\/\/murielmeynard.art\/en\/category\/vos-histoires\/etre-soi-m-aime\/\" rel=\"category tag\">Etre Soi M'Aime<\/a>\t\t\t\t<\/div>\r\n\t\t\t\r\n\t\t\t\t\t<\/div>\r\n\t\t\t\t\t\t\t\r\n\t\t\t\t<\/div>\r\n\t\t\t<\/div>\r\n\t\t<\/div>\r\n\r\n\t\t\t\t<div class=\"premium-blog-post-outer-container mariage\" data-total=\"1\">\r\n\t\t\t<div class=\"premium-blog-post-container premium-blog-skin-cards\">\r\n\t\t\t\t\t\t\t\t\t<div class=\"premium-blog-thumb-effect-wrapper\">\r\n\t\t\t\t\t\t<div class=\"premium-blog-thumbnail-container premium-blog-zoomin-effect\">\r\n\t\t\t\t\t\t\t\t\t\t\t<a href=\"https:\/\/murielmeynard.art\/en\/claire-et-sylvain\/\" target=\"_self\">\r\n\t\t\t\t<img decoding=\"async\" width=\"1920\" height=\"1280\" src=\"https:\/\/murielmeynard.art\/wp-content\/uploads\/2023\/01\/Photographe-Bordeaux-Blog-Mariage-Claire-et-Sylvain-056.jpg\" class=\"attachment-full size-full wp-image-11281\" alt=\"\" srcset=\"https:\/\/murielmeynard.art\/wp-content\/uploads\/2023\/01\/Photographe-Bordeaux-Blog-Mariage-Claire-et-Sylvain-056.jpg 1920w, https:\/\/murielmeynard.art\/wp-content\/uploads\/2023\/01\/Photographe-Bordeaux-Blog-Mariage-Claire-et-Sylvain-056-1536x1024.jpg 1536w, https:\/\/murielmeynard.art\/wp-content\/uploads\/2023\/01\/Photographe-Bordeaux-Blog-Mariage-Claire-et-Sylvain-056-18x12.jpg 18w, https:\/\/murielmeynard.art\/wp-content\/uploads\/2023\/01\/Photographe-Bordeaux-Blog-Mariage-Claire-et-Sylvain-056-300x200.jpg 300w, https:\/\/murielmeynard.art\/wp-content\/uploads\/2023\/01\/Photographe-Bordeaux-Blog-Mariage-Claire-et-Sylvain-056-768x512.jpg 768w, https:\/\/murielmeynard.art\/wp-content\/uploads\/2023\/01\/Photographe-Bordeaux-Blog-Mariage-Claire-et-Sylvain-056-1024x683.jpg 1024w\" sizes=\"(max-width: 1920px) 100vw, 1920px\" \/>\t\t\t\t<\/a>\r\n\t\t\t\t\t\t\t\t\t\t<\/div>\r\n\t\t\t\t\t\t\t\t\t\t\t\t\t<div class=\"premium-blog-effect-container premium-blog-none-effect\">\r\n\t\t\t\t\t\t\t\t<a class=\"premium-blog-post-link\" href=\"https:\/\/murielmeynard.art\/en\/claire-et-sylvain\/\" target=\"_self\"><span>Claire and Sylvain<\/span><\/a>\r\n\t\t\t\t\t\t\t\t\t\t\t\t\t\t\t<\/div>\r\n\t\t\t\t\t\t\t\t\t\t\t<\/div>\r\n\t\t\t\t\t\t\t\t\t\t\t\t\t\t\t\t\t\t\t\t\t<div class=\"premium-blog-content-wrapper\">\r\n\r\n\t\t\t\t\t<div class=\"premium-blog-inner-container\">\r\n\r\n\t\t\t\t\t\t\t\t\t\t\t\t\t\t<h2 class=\"premium-blog-entry-title\">\r\n\t\t\t<a href=\"https:\/\/murielmeynard.art\/en\/claire-et-sylvain\/\" target=\"_self\">\r\n\t\t\t\tClaire and Sylvain\t\t\t<\/a>\r\n\t\t<\/h2>\r\n\t\t\r\n\t\t\t\t\t<\/div>\r\n\r\n\t\t\t\t\t\t\t<div class=\"premium-blog-content-inner-wrapper\">\r\n\t\t<p class=\"premium-blog-post-content\">Claire contacted me via social networks to ask me if I could do the coverage of her wedding<\/p><div class=\"premium-blog-excerpt-link-wrap\"><a href=\"https:\/\/murielmeynard.art\/en\/claire-et-sylvain\/\" target=\"_self\" class=\"premium-blog-excerpt-link elementor-button\">Read more \u00bb<\/a><\/div>\t\t<\/div>\r\n\t\t\t\t<div class=\"premium-blog-entry-meta\">\r\n\t\t\t\r\n\t\t\t\t\t\t\t<span class=\"premium-blog-meta-separator\">\u2022<\/span>\r\n\t\t\t\t<div class=\"premium-blog-post-time premium-blog-meta-data\">\r\n\t\t\t\t\t<i class=\"fa fa-calendar-alt\" aria-hidden=\"true\"><\/i>\r\n\t\t\t\t\t<span>June 18, 2022<\/span>\r\n\t\t\t\t<\/div>\r\n\t\t\t\r\n\t\t\t\t\t\t\t<span class=\"premium-blog-meta-separator\">\u2022<\/span>\r\n\t\t\t\t<div class=\"premium-blog-post-categories premium-blog-meta-data\">\r\n\t\t\t\t\t<i class=\"fa fa-align-left fa-fw\" aria-hidden=\"true\"><\/i>\r\n\t\t\t\t\t<a href=\"https:\/\/murielmeynard.art\/en\/category\/vos-histoires\/mariage\/\" rel=\"category tag\">Wedding<\/a>\t\t\t\t<\/div>\r\n\t\t\t\r\n\t\t\t\t\t<\/div>\r\n\t\t\t\t\t\t\t\r\n\t\t\t\t<\/div>\r\n\t\t\t<\/div>\r\n\t\t<\/div>\r\n\r\n\t\t\t\t<div class=\"premium-blog-post-outer-container corporate\" data-total=\"1\">\r\n\t\t\t<div class=\"premium-blog-post-container premium-blog-skin-cards\">\r\n\t\t\t\t\t\t\t\t\t<div class=\"premium-blog-thumb-effect-wrapper\">\r\n\t\t\t\t\t\t<div class=\"premium-blog-thumbnail-container premium-blog-zoomin-effect\">\r\n\t\t\t\t\t\t\t\t\t\t\t<a href=\"https:\/\/murielmeynard.art\/en\/mahe\/\" target=\"_self\">\r\n\t\t\t\t<img decoding=\"async\" width=\"1920\" height=\"1280\" src=\"https:\/\/murielmeynard.art\/wp-content\/uploads\/2023\/01\/Photographe-Bordeaux-Blog-Corporate-Mahe-001.jpg\" class=\"attachment-full size-full wp-image-11184\" alt=\"\" srcset=\"https:\/\/murielmeynard.art\/wp-content\/uploads\/2023\/01\/Photographe-Bordeaux-Blog-Corporate-Mahe-001.jpg 1920w, https:\/\/murielmeynard.art\/wp-content\/uploads\/2023\/01\/Photographe-Bordeaux-Blog-Corporate-Mahe-001-1536x1024.jpg 1536w, https:\/\/murielmeynard.art\/wp-content\/uploads\/2023\/01\/Photographe-Bordeaux-Blog-Corporate-Mahe-001-18x12.jpg 18w, https:\/\/murielmeynard.art\/wp-content\/uploads\/2023\/01\/Photographe-Bordeaux-Blog-Corporate-Mahe-001-300x200.jpg 300w, https:\/\/murielmeynard.art\/wp-content\/uploads\/2023\/01\/Photographe-Bordeaux-Blog-Corporate-Mahe-001-768x512.jpg 768w, https:\/\/murielmeynard.art\/wp-content\/uploads\/2023\/01\/Photographe-Bordeaux-Blog-Corporate-Mahe-001-1024x683.jpg 1024w\" sizes=\"(max-width: 1920px) 100vw, 1920px\" \/>\t\t\t\t<\/a>\r\n\t\t\t\t\t\t\t\t\t\t<\/div>\r\n\t\t\t\t\t\t\t\t\t\t\t\t\t<div class=\"premium-blog-effect-container premium-blog-none-effect\">\r\n\t\t\t\t\t\t\t\t<a class=\"premium-blog-post-link\" href=\"https:\/\/murielmeynard.art\/en\/mahe\/\" target=\"_self\"><span>Mah\u00e9<\/span><\/a>\r\n\t\t\t\t\t\t\t\t\t\t\t\t\t\t\t<\/div>\r\n\t\t\t\t\t\t\t\t\t\t\t<\/div>\r\n\t\t\t\t\t\t\t\t\t\t\t\t\t\t\t\t\t\t\t\t\t<div class=\"premium-blog-content-wrapper\">\r\n\r\n\t\t\t\t\t<div class=\"premium-blog-inner-container\">\r\n\r\n\t\t\t\t\t\t\t\t\t\t\t\t\t\t<h2 class=\"premium-blog-entry-title\">\r\n\t\t\t<a href=\"https:\/\/murielmeynard.art\/en\/mahe\/\" target=\"_self\">\r\n\t\t\t\tMah\u00e9\t\t\t<\/a>\r\n\t\t<\/h2>\r\n\t\t\r\n\t\t\t\t\t<\/div>\r\n\r\n\t\t\t\t\t\t\t<div class=\"premium-blog-content-inner-wrapper\">\r\n\t\t<p class=\"premium-blog-post-content\">Fashion shooting at L'atelier du Portrait in Le Haillan<\/p><div class=\"premium-blog-excerpt-link-wrap\"><a href=\"https:\/\/murielmeynard.art\/en\/mahe\/\" target=\"_self\" class=\"premium-blog-excerpt-link elementor-button\">Read more \u00bb<\/a><\/div>\t\t<\/div>\r\n\t\t\t\t<div class=\"premium-blog-entry-meta\">\r\n\t\t\t\r\n\t\t\t\t\t\t\t<span class=\"premium-blog-meta-separator\">\u2022<\/span>\r\n\t\t\t\t<div class=\"premium-blog-post-time premium-blog-meta-data\">\r\n\t\t\t\t\t<i class=\"fa fa-calendar-alt\" aria-hidden=\"true\"><\/i>\r\n\t\t\t\t\t<span>March 15, 2022<\/span>\r\n\t\t\t\t<\/div>\r\n\t\t\t\r\n\t\t\t\t\t\t\t<span class=\"premium-blog-meta-separator\">\u2022<\/span>\r\n\t\t\t\t<div class=\"premium-blog-post-categories premium-blog-meta-data\">\r\n\t\t\t\t\t<i class=\"fa fa-align-left fa-fw\" aria-hidden=\"true\"><\/i>\r\n\t\t\t\t\t<a href=\"https:\/\/murielmeynard.art\/en\/category\/vos-histoires\/corporate\/\" rel=\"category tag\">Corporate<\/a>\t\t\t\t<\/div>\r\n\t\t\t\r\n\t\t\t\t\t<\/div>\r\n\t\t\t\t\t\t\t\r\n\t\t\t\t<\/div>\r\n\t\t\t<\/div>\r\n\t\t<\/div>\r\n\r\n\t\t\t\t\t\t\t<\/div>\r\n\r\n\t\t\r\n\t\t\r\n\t\t\t\t\t\t<\/div>\n\t\t\t\t<\/div>\n\t\t\t\t\t<\/div>\n\t\t\t\t<\/div>\n\t\t\t\t<\/div>","protected":false},"excerpt":{"rendered":"<p>BLOG &#8211; VOS HISTOIRES Tout Corporate Etre Soi M&rsquo;Aime Mariage Vanessa Vanessa est venue me voir un peu avant l\u2019\u00e9t\u00e9 pour une s\u00e9ance \u00ab Etre Soi Lire la suite \u00bb \u2022 30 d\u00e9cembre 2022 \u2022 Etre Soi M&rsquo;Aime Claire et Sylvain Claire m\u2019a contact\u00e9e via les r\u00e9seaux sociaux pour me demander si je pouvais faire [&hellip;]<\/p>\n","protected":false},"author":1,"featured_media":0,"parent":0,"menu_order":0,"comment_status":"closed","ping_status":"closed","template":"elementor_header_footer","meta":{"_acf_changed":false,"iawp_total_views":108,"footnotes":""},"class_list":["post-10266","page","type-page","status-publish","hentry"],"acf":[],"_links":{"self":[{"href":"https:\/\/murielmeynard.art\/en\/wp-json\/wp\/v2\/pages\/10266","targetHints":{"allow":["GET"]}}],"collection":[{"href":"https:\/\/murielmeynard.art\/en\/wp-json\/wp\/v2\/pages"}],"about":[{"href":"https:\/\/murielmeynard.art\/en\/wp-json\/wp\/v2\/types\/page"}],"author":[{"embeddable":true,"href":"https:\/\/murielmeynard.art\/en\/wp-json\/wp\/v2\/users\/1"}],"replies":[{"embeddable":true,"href":"https:\/\/murielmeynard.art\/en\/wp-json\/wp\/v2\/comments?post=10266"}],"version-history":[{"count":1,"href":"https:\/\/murielmeynard.art\/en\/wp-json\/wp\/v2\/pages\/10266\/revisions"}],"predecessor-version":[{"id":12870,"href":"https:\/\/murielmeynard.art\/en\/wp-json\/wp\/v2\/pages\/10266\/revisions\/12870"}],"wp:attachment":[{"href":"https:\/\/murielmeynard.art\/en\/wp-json\/wp\/v2\/media?parent=10266"}],"curies":[{"name":"wp","href":"https:\/\/api.w.org\/{rel}","templated":true}]}}